{"id":13,"date":"2022-04-15T23:21:10","date_gmt":"2022-04-15T23:21:10","guid":{"rendered":"http:\/\/www.karem-insaat.com\/?page_id=13"},"modified":"2022-04-27T00:38:20","modified_gmt":"2022-04-27T00:38:20","slug":"anasayfa","status":"publish","type":"page","link":"http:\/\/www.karem-insaat.com\/","title":{"rendered":"Anasayfa"},"content":{"rendered":"\t\t<div data-elementor-type=\"wp-page\" data-elementor-id=\"13\" class=\"elementor elementor-13\">\n\t\t\t\t\t\t\t\t\t<section class=\"elementor-section elementor-top-section elementor-element elementor-element-d4ac129 elementor-section-full_width elementor-section-height-min-height elementor-section-height-default elementor-section-items-middle\" data-id=\"d4ac129\" data-element_type=\"section\" data-settings=\"{&quot;background_background&quot;:&quot;classic&quot;}\">\n\t\t\t\t\t\t<div class=\"elementor-container elementor-column-gap-default\">\n\t\t\t\t\t<div class=\"elementor-column elementor-col-100 elementor-top-column elementor-element elementor-element-6cab6e6 elementor-invisible\" data-id=\"6cab6e6\" data-element_type=\"column\" data-settings=\"{&quot;animation&quot;:&quot;fadeInLeft&quot;}\">\n\t\t\t<div class=\"elementor-widget-wrap elementor-element-populated\">\n\t\t\t\t\t\t\t\t<section class=\"elementor-section elementor-inner-section elementor-element elementor-element-00501c9 elementor-section-content-top elementor-section-boxed elementor-section-height-default elementor-section-height-default\" data-id=\"00501c9\" data-element_type=\"section\">\n\t\t\t\t\t\t<div class=\"elementor-container elementor-column-gap-default\">\n\t\t\t\t\t<div class=\"elementor-column elementor-col-50 elementor-inner-column elementor-element elementor-element-b963142\" data-id=\"b963142\" data-element_type=\"column\" data-settings=\"{&quot;background_background&quot;:&quot;classic&quot;}\">\n\t\t\t<div class=\"elementor-widget-wrap elementor-element-populated\">\n\t\t\t\t\t\t\t\t<div class=\"elementor-element elementor-element-d738136 elementor-widget elementor-widget-heading\" data-id=\"d738136\" data-element_type=\"widget\" data-widget_type=\"heading.default\">\n\t\t\t\t<div class=\"elementor-widget-container\">\n\t\t\t<style>\/*! elementor - v3.6.4 - 13-04-2022 *\/\n.elementor-heading-title{padding:0;margin:0;line-height:1}.elementor-widget-heading .elementor-heading-title[class*=elementor-size-]>a{color:inherit;font-size:inherit;line-height:inherit}.elementor-widget-heading .elementor-heading-title.elementor-size-small{font-size:15px}.elementor-widget-heading .elementor-heading-title.elementor-size-medium{font-size:19px}.elementor-widget-heading .elementor-heading-title.elementor-size-large{font-size:29px}.elementor-widget-heading .elementor-heading-title.elementor-size-xl{font-size:39px}.elementor-widget-heading .elementor-heading-title.elementor-size-xxl{font-size:59px}<\/style><h2 class=\"elementor-heading-title elementor-size-default\">Birlikte Umudu<br>\u0130n\u015fa Ediyoruz<\/h2>\t\t<\/div>\n\t\t\t\t<\/div>\n\t\t\t\t<div class=\"elementor-element elementor-element-96447f5 elementor-widget elementor-widget-text-editor\" data-id=\"96447f5\" data-element_type=\"widget\" data-widget_type=\"text-editor.default\">\n\t\t\t\t<div class=\"elementor-widget-container\">\n\t\t\t<style>\/*! elementor - v3.6.4 - 13-04-2022 *\/\n.elementor-widget-text-editor.elementor-drop-cap-view-stacked .elementor-drop-cap{background-color:#818a91;color:#fff}.elementor-widget-text-editor.elementor-drop-cap-view-framed .elementor-drop-cap{color:#818a91;border:3px solid;background-color:transparent}.elementor-widget-text-editor:not(.elementor-drop-cap-view-default) .elementor-drop-cap{margin-top:8px}.elementor-widget-text-editor:not(.elementor-drop-cap-view-default) .elementor-drop-cap-letter{width:1em;height:1em}.elementor-widget-text-editor .elementor-drop-cap{float:left;text-align:center;line-height:1;font-size:50px}.elementor-widget-text-editor .elementor-drop-cap-letter{display:inline-block}<\/style>\t\t\t\t<p>Karem \u0130n\u015faat gen\u00e7, dinamik ve tecr\u00fcbeli teknik kadrosu ile proje y\u00f6netimi ve uygulama hizmetleri vermektedir.<\/p><p>\u0130\u015fimize olan sayg\u0131m\u0131z ile gelece\u011fe ilerliyoruz.<\/p>\t\t\t\t\t\t<\/div>\n\t\t\t\t<\/div>\n\t\t\t\t\t<\/div>\n\t\t<\/div>\n\t\t\t\t<div class=\"elementor-column elementor-col-50 elementor-inner-column elementor-element elementor-element-f6704c9\" data-id=\"f6704c9\" data-element_type=\"column\">\n\t\t\t<div class=\"elementor-widget-wrap\">\n\t\t\t\t\t\t\t\t\t<\/div>\n\t\t<\/div>\n\t\t\t\t\t\t\t<\/div>\n\t\t<\/section>\n\t\t\t\t<section class=\"elementor-section elementor-inner-section elementor-element elementor-element-b02eedb elementor-section-boxed elementor-section-height-default elementor-section-height-default\" data-id=\"b02eedb\" data-element_type=\"section\">\n\t\t\t\t\t\t<div class=\"elementor-container elementor-column-gap-default\">\n\t\t\t\t\t<div class=\"elementor-column elementor-col-33 elementor-inner-column elementor-element elementor-element-2c9fcff\" data-id=\"2c9fcff\" data-element_type=\"column\">\n\t\t\t<div class=\"elementor-widget-wrap elementor-element-populated\">\n\t\t\t\t\t\t\t\t<div class=\"elementor-element elementor-element-74ee921 elementor-mobile-align-center elementor-widget elementor-widget-button\" data-id=\"74ee921\" data-element_type=\"widget\" data-settings=\"{&quot;_animation&quot;:&quot;none&quot;}\" data-widget_type=\"button.default\">\n\t\t\t\t<div class=\"elementor-widget-container\">\n\t\t\t\t\t<div class=\"elementor-button-wrapper\">\n\t\t\t<a href=\"http:\/\/www.karem-insaat.com\/index.php\/teklifalin\/\" class=\"elementor-button-link elementor-button elementor-size-sm elementor-animation-bounce-in\" role=\"button\">\n\t\t\t\t\t\t<span class=\"elementor-button-content-wrapper\">\n\t\t\t\t\t\t<span class=\"elementor-button-text\">TEKL\u0130F ALIN<\/span>\n\t\t<\/span>\n\t\t\t\t\t<\/a>\n\t\t<\/div>\n\t\t\t\t<\/div>\n\t\t\t\t<\/div>\n\t\t\t\t\t<\/div>\n\t\t<\/div>\n\t\t\t\t<div class=\"elementor-column elementor-col-33 elementor-inner-column elementor-element elementor-element-377f64f\" data-id=\"377f64f\" data-element_type=\"column\">\n\t\t\t<div class=\"elementor-widget-wrap elementor-element-populated\">\n\t\t\t\t\t\t\t\t<div class=\"elementor-element elementor-element-60a4bd1 elementor-align-center elementor-mobile-align-center elementor-widget elementor-widget-button\" data-id=\"60a4bd1\" data-element_type=\"widget\" data-settings=\"{&quot;_animation&quot;:&quot;none&quot;}\" data-widget_type=\"button.default\">\n\t\t\t\t<div class=\"elementor-widget-container\">\n\t\t\t\t\t<div class=\"elementor-button-wrapper\">\n\t\t\t<a href=\"http:\/\/www.karem-insaat.com\/index.php\/deneyimlerimiz\/\" class=\"elementor-button-link elementor-button elementor-size-sm elementor-animation-bounce-in\" role=\"button\">\n\t\t\t\t\t\t<span class=\"elementor-button-content-wrapper\">\n\t\t\t\t\t\t<span class=\"elementor-button-text\">PROJELER<\/span>\n\t\t<\/span>\n\t\t\t\t\t<\/a>\n\t\t<\/div>\n\t\t\t\t<\/div>\n\t\t\t\t<\/div>\n\t\t\t\t\t<\/div>\n\t\t<\/div>\n\t\t\t\t<div class=\"elementor-column elementor-col-33 elementor-inner-column elementor-element elementor-element-7e8cdbc\" data-id=\"7e8cdbc\" data-element_type=\"column\">\n\t\t\t<div class=\"elementor-widget-wrap\">\n\t\t\t\t\t\t\t\t\t<\/div>\n\t\t<\/div>\n\t\t\t\t\t\t\t<\/div>\n\t\t<\/section>\n\t\t\t\t\t<\/div>\n\t\t<\/div>\n\t\t\t\t\t\t\t<\/div>\n\t\t<\/section>\n\t\t\t\t<section class=\"elementor-section elementor-top-section elementor-element elementor-element-de06bdf elementor-section-full_width elementor-section-height-min-height elementor-section-height-default elementor-section-items-middle elementor-invisible\" data-id=\"de06bdf\" data-element_type=\"section\" data-settings=\"{&quot;background_background&quot;:&quot;classic&quot;,&quot;animation&quot;:&quot;fadeInUp&quot;}\">\n\t\t\t\t\t\t<div class=\"elementor-container elementor-column-gap-default\">\n\t\t\t\t\t<div class=\"elementor-column elementor-col-100 elementor-top-column elementor-element elementor-element-61d45f1\" data-id=\"61d45f1\" data-element_type=\"column\">\n\t\t\t<div class=\"elementor-widget-wrap elementor-element-populated\">\n\t\t\t\t\t\t\t\t<section class=\"elementor-section elementor-inner-section elementor-element elementor-element-76ca3b2 elementor-section-boxed elementor-section-height-default elementor-section-height-default\" data-id=\"76ca3b2\" data-element_type=\"section\">\n\t\t\t\t\t\t<div class=\"elementor-container elementor-column-gap-default\">\n\t\t\t\t\t<div class=\"elementor-column elementor-col-25 elementor-inner-column elementor-element elementor-element-b48f216\" data-id=\"b48f216\" data-element_type=\"column\">\n\t\t\t<div class=\"elementor-widget-wrap elementor-element-populated\">\n\t\t\t\t\t\t\t\t<div class=\"elementor-element elementor-element-7a60d20 elementor-widget elementor-widget-image\" data-id=\"7a60d20\" data-element_type=\"widget\" data-widget_type=\"image.default\">\n\t\t\t\t<div class=\"elementor-widget-container\">\n\t\t\t<style>\/*! elementor - v3.6.4 - 13-04-2022 *\/\n.elementor-widget-image{text-align:center}.elementor-widget-image a{display:inline-block}.elementor-widget-image a img[src$=\".svg\"]{width:48px}.elementor-widget-image img{vertical-align:middle;display:inline-block}<\/style>\t\t\t\t\t\t\t\t\t\t\t\t<img src=\"http:\/\/www.karem-insaat.com\/wp-content\/uploads\/elementor\/thumbs\/icon-03-pnfcmy0jn7ti3bz52afexjzgcs0bq0ouoscgnfdwss.png\" title=\"icon-03\" alt=\"icon-03\" \/>\t\t\t\t\t\t\t\t\t\t\t\t\t\t\t<\/div>\n\t\t\t\t<\/div>\n\t\t\t\t<div class=\"elementor-element elementor-element-794ca44 elementor-widget elementor-widget-heading\" data-id=\"794ca44\" data-element_type=\"widget\" data-widget_type=\"heading.default\">\n\t\t\t\t<div class=\"elementor-widget-container\">\n\t\t\t<h1 class=\"elementor-heading-title elementor-size-default\">KAL\u0130TEL\u0130<\/h1>\t\t<\/div>\n\t\t\t\t<\/div>\n\t\t\t\t\t<\/div>\n\t\t<\/div>\n\t\t\t\t<div class=\"elementor-column elementor-col-25 elementor-inner-column elementor-element elementor-element-69f26e9\" data-id=\"69f26e9\" data-element_type=\"column\">\n\t\t\t<div class=\"elementor-widget-wrap elementor-element-populated\">\n\t\t\t\t\t\t\t\t<div class=\"elementor-element elementor-element-70bc5a3 elementor-widget elementor-widget-image\" data-id=\"70bc5a3\" data-element_type=\"widget\" data-widget_type=\"image.default\">\n\t\t\t\t<div class=\"elementor-widget-container\">\n\t\t\t\t\t\t\t\t\t\t\t\t\t\t\t<img src=\"http:\/\/www.karem-insaat.com\/wp-content\/uploads\/elementor\/thumbs\/icon-04-pnfcrp3672bosd2nbcdijctcgwl4mxk00b2tzsc9cc.png\" title=\"icon-04\" alt=\"icon-04\" \/>\t\t\t\t\t\t\t\t\t\t\t\t\t\t\t<\/div>\n\t\t\t\t<\/div>\n\t\t\t\t<div class=\"elementor-element elementor-element-1d56e80 elementor-widget elementor-widget-heading\" data-id=\"1d56e80\" data-element_type=\"widget\" data-widget_type=\"heading.default\">\n\t\t\t\t<div class=\"elementor-widget-container\">\n\t\t\t<h1 class=\"elementor-heading-title elementor-size-default\">EKONOM\u0130K<\/h1>\t\t<\/div>\n\t\t\t\t<\/div>\n\t\t\t\t\t<\/div>\n\t\t<\/div>\n\t\t\t\t<div class=\"elementor-column elementor-col-25 elementor-inner-column elementor-element elementor-element-1ebdff0\" data-id=\"1ebdff0\" data-element_type=\"column\">\n\t\t\t<div class=\"elementor-widget-wrap elementor-element-populated\">\n\t\t\t\t\t\t\t\t<div class=\"elementor-element elementor-element-b5589be elementor-widget elementor-widget-image\" data-id=\"b5589be\" data-element_type=\"widget\" data-widget_type=\"image.default\">\n\t\t\t\t<div class=\"elementor-widget-container\">\n\t\t\t\t\t\t\t\t\t\t\t\t\t\t\t<img src=\"http:\/\/www.karem-insaat.com\/wp-content\/uploads\/elementor\/thumbs\/icon-05-pnfcsegtblafhu1s75cfwoesib41ercr3soxy9amoc.png\" title=\"icon-05\" alt=\"icon-05\" \/>\t\t\t\t\t\t\t\t\t\t\t\t\t\t\t<\/div>\n\t\t\t\t<\/div>\n\t\t\t\t<div class=\"elementor-element elementor-element-2483231 elementor-widget elementor-widget-heading\" data-id=\"2483231\" data-element_type=\"widget\" data-widget_type=\"heading.default\">\n\t\t\t\t<div class=\"elementor-widget-container\">\n\t\t\t<h1 class=\"elementor-heading-title elementor-size-default\">\u00c7EVRE DOSTU<\/h1>\t\t<\/div>\n\t\t\t\t<\/div>\n\t\t\t\t\t<\/div>\n\t\t<\/div>\n\t\t\t\t<div class=\"elementor-column elementor-col-25 elementor-inner-column elementor-element elementor-element-d27c624\" data-id=\"d27c624\" data-element_type=\"column\">\n\t\t\t<div class=\"elementor-widget-wrap elementor-element-populated\">\n\t\t\t\t\t\t\t\t<div class=\"elementor-element elementor-element-44bdd6c elementor-widget elementor-widget-image\" data-id=\"44bdd6c\" data-element_type=\"widget\" data-widget_type=\"image.default\">\n\t\t\t\t<div class=\"elementor-widget-container\">\n\t\t\t\t\t\t\t\t\t\t\t\t\t\t\t<img src=\"http:\/\/www.karem-insaat.com\/wp-content\/uploads\/elementor\/thumbs\/icon-03-pnfcmy0jn7ti3bz52afexjzgcs0bq0ouoscgnfdwss.png\" title=\"icon-03\" alt=\"icon-03\" \/>\t\t\t\t\t\t\t\t\t\t\t\t\t\t\t<\/div>\n\t\t\t\t<\/div>\n\t\t\t\t<div class=\"elementor-element elementor-element-c5e678a elementor-widget elementor-widget-heading\" data-id=\"c5e678a\" data-element_type=\"widget\" data-widget_type=\"heading.default\">\n\t\t\t\t<div class=\"elementor-widget-container\">\n\t\t\t<h1 class=\"elementor-heading-title elementor-size-default\">G\u00dcVEN\u0130L\u0130R<\/h1>\t\t<\/div>\n\t\t\t\t<\/div>\n\t\t\t\t\t<\/div>\n\t\t<\/div>\n\t\t\t\t\t\t\t<\/div>\n\t\t<\/section>\n\t\t\t\t\t<\/div>\n\t\t<\/div>\n\t\t\t\t\t\t\t<\/div>\n\t\t<\/section>\n\t\t\t\t<section class=\"elementor-section elementor-top-section elementor-element elementor-element-65e422b elementor-section-boxed elementor-section-height-default elementor-section-height-default elementor-invisible\" data-id=\"65e422b\" data-element_type=\"section\" data-settings=\"{&quot;animation&quot;:&quot;fadeInUp&quot;}\">\n\t\t\t\t\t\t<div class=\"elementor-container elementor-column-gap-default\">\n\t\t\t\t\t<div class=\"elementor-column elementor-col-100 elementor-top-column elementor-element elementor-element-4703813\" data-id=\"4703813\" data-element_type=\"column\">\n\t\t\t<div class=\"elementor-widget-wrap elementor-element-populated\">\n\t\t\t\t\t\t\t\t<div class=\"elementor-element elementor-element-45e89f7 elementor-widget elementor-widget-heading\" data-id=\"45e89f7\" data-element_type=\"widget\" data-widget_type=\"heading.default\">\n\t\t\t\t<div class=\"elementor-widget-container\">\n\t\t\t<h2 class=\"elementor-heading-title elementor-size-default\">H\u0130ZMETLER\u0130M\u0130Z<\/h2>\t\t<\/div>\n\t\t\t\t<\/div>\n\t\t\t\t<div class=\"elementor-element elementor-element-c5fa47a elementor-widget elementor-widget-text-editor\" data-id=\"c5fa47a\" data-element_type=\"widget\" data-widget_type=\"text-editor.default\">\n\t\t\t\t<div class=\"elementor-widget-container\">\n\t\t\t\t\t\t\t<p>Firmam\u0131z, hizmet binalar\u0131, kaba ve ince in\u015faat i\u015fleri, tadilat ve dekorasyon i\u015fleri, binalar\u0131n depreme kar\u015f\u0131 g\u00fc\u00e7lendirilmesi, kontroll\u00fck ve dan\u0131\u015fmanl\u0131k hizmetleri, fabrika binalar\u0131, okul, \u00fcniversite binalar\u0131, ma\u011faza ve banka \u015fubeleri yenileme i\u015flerinde uzman kadrosu ile faaliyet g\u00f6steren deneyimli bir firmad\u0131r.<\/p>\t\t\t\t\t\t<\/div>\n\t\t\t\t<\/div>\n\t\t\t\t<section class=\"elementor-section elementor-inner-section elementor-element elementor-element-cf2e1c5 elementor-section-boxed elementor-section-height-default elementor-section-height-default\" data-id=\"cf2e1c5\" data-element_type=\"section\">\n\t\t\t\t\t\t<div class=\"elementor-container elementor-column-gap-default\">\n\t\t\t\t\t<div class=\"elementor-column elementor-col-50 elementor-inner-column elementor-element elementor-element-facc070\" data-id=\"facc070\" data-element_type=\"column\">\n\t\t\t<div class=\"elementor-widget-wrap elementor-element-populated\">\n\t\t\t\t\t\t\t\t<div class=\"elementor-element elementor-element-80aa619 elementor-widget elementor-widget-image\" data-id=\"80aa619\" data-element_type=\"widget\" data-widget_type=\"image.default\">\n\t\t\t\t<div class=\"elementor-widget-container\">\n\t\t\t\t\t\t\t\t\t\t\t\t<figure class=\"wp-caption\">\n\t\t\t\t\t\t\t\t\t\t\t<a href=\"http:\/\/www.karem-insaat.com\/index.php\/taahut\/\">\n\t\t\t\t\t\t\t<img width=\"604\" height=\"338\" src=\"http:\/\/www.karem-insaat.com\/wp-content\/uploads\/2022\/04\/karem-hizmetlerimiz-07.jpg\" class=\"elementor-animation-grow attachment-medium_large size-medium_large\" alt=\"\" loading=\"lazy\" srcset=\"http:\/\/www.karem-insaat.com\/wp-content\/uploads\/2022\/04\/karem-hizmetlerimiz-07.jpg 604w, http:\/\/www.karem-insaat.com\/wp-content\/uploads\/2022\/04\/karem-hizmetlerimiz-07-300x168.jpg 300w\" sizes=\"(max-width: 604px) 100vw, 604px\" \/>\t\t\t\t\t\t\t\t<\/a>\n\t\t\t\t\t\t\t\t\t\t\t<figcaption class=\"widget-image-caption wp-caption-text\">TAAHH\u00dcT<\/figcaption>\n\t\t\t\t\t\t\t\t\t\t<\/figure>\n\t\t\t\t\t\t\t\t\t<\/div>\n\t\t\t\t<\/div>\n\t\t\t\t\t<\/div>\n\t\t<\/div>\n\t\t\t\t<div class=\"elementor-column elementor-col-50 elementor-inner-column elementor-element elementor-element-a508b52\" data-id=\"a508b52\" data-element_type=\"column\">\n\t\t\t<div class=\"elementor-widget-wrap elementor-element-populated\">\n\t\t\t\t\t\t\t\t<div class=\"elementor-element elementor-element-55923dc elementor-widget elementor-widget-image\" data-id=\"55923dc\" data-element_type=\"widget\" data-widget_type=\"image.default\">\n\t\t\t\t<div class=\"elementor-widget-container\">\n\t\t\t\t\t\t\t\t\t\t\t\t<figure class=\"wp-caption\">\n\t\t\t\t\t\t\t\t\t\t\t<a href=\"http:\/\/www.karem-insaat.com\/index.php\/tadilat-dekorasyon\/\">\n\t\t\t\t\t\t\t<img width=\"604\" height=\"338\" src=\"http:\/\/www.karem-insaat.com\/wp-content\/uploads\/2022\/04\/karem-hizmetlerimiz-08.jpg\" class=\"elementor-animation-grow attachment-medium_large size-medium_large\" alt=\"\" loading=\"lazy\" srcset=\"http:\/\/www.karem-insaat.com\/wp-content\/uploads\/2022\/04\/karem-hizmetlerimiz-08.jpg 604w, http:\/\/www.karem-insaat.com\/wp-content\/uploads\/2022\/04\/karem-hizmetlerimiz-08-300x168.jpg 300w\" sizes=\"(max-width: 604px) 100vw, 604px\" \/>\t\t\t\t\t\t\t\t<\/a>\n\t\t\t\t\t\t\t\t\t\t\t<figcaption class=\"widget-image-caption wp-caption-text\">TAD\u0130LAT&amp;DEKORASYON<\/figcaption>\n\t\t\t\t\t\t\t\t\t\t<\/figure>\n\t\t\t\t\t\t\t\t\t<\/div>\n\t\t\t\t<\/div>\n\t\t\t\t\t<\/div>\n\t\t<\/div>\n\t\t\t\t\t\t\t<\/div>\n\t\t<\/section>\n\t\t\t\t<section class=\"elementor-section elementor-inner-section elementor-element elementor-element-c9d0488 elementor-section-boxed elementor-section-height-default elementor-section-height-default\" data-id=\"c9d0488\" data-element_type=\"section\">\n\t\t\t\t\t\t<div class=\"elementor-container elementor-column-gap-default\">\n\t\t\t\t\t<div class=\"elementor-column elementor-col-50 elementor-inner-column elementor-element elementor-element-d352024\" data-id=\"d352024\" data-element_type=\"column\">\n\t\t\t<div class=\"elementor-widget-wrap elementor-element-populated\">\n\t\t\t\t\t\t\t\t<div class=\"elementor-element elementor-element-631e8ef elementor-widget elementor-widget-image\" data-id=\"631e8ef\" data-element_type=\"widget\" data-widget_type=\"image.default\">\n\t\t\t\t<div class=\"elementor-widget-container\">\n\t\t\t\t\t\t\t\t\t\t\t\t<figure class=\"wp-caption\">\n\t\t\t\t\t\t\t\t\t\t\t<a href=\"http:\/\/www.karem-insaat.com\/index.php\/projeyonetimi\/\">\n\t\t\t\t\t\t\t<img width=\"604\" height=\"338\" src=\"http:\/\/www.karem-insaat.com\/wp-content\/uploads\/2022\/04\/karem-hizmetlerimiz-09.jpg\" class=\"elementor-animation-grow attachment-medium_large size-medium_large\" alt=\"\" loading=\"lazy\" srcset=\"http:\/\/www.karem-insaat.com\/wp-content\/uploads\/2022\/04\/karem-hizmetlerimiz-09.jpg 604w, http:\/\/www.karem-insaat.com\/wp-content\/uploads\/2022\/04\/karem-hizmetlerimiz-09-300x168.jpg 300w\" sizes=\"(max-width: 604px) 100vw, 604px\" \/>\t\t\t\t\t\t\t\t<\/a>\n\t\t\t\t\t\t\t\t\t\t\t<figcaption class=\"widget-image-caption wp-caption-text\">PROJE Y\u00d6NET\u0130M\u0130<\/figcaption>\n\t\t\t\t\t\t\t\t\t\t<\/figure>\n\t\t\t\t\t\t\t\t\t<\/div>\n\t\t\t\t<\/div>\n\t\t\t\t\t<\/div>\n\t\t<\/div>\n\t\t\t\t<div class=\"elementor-column elementor-col-50 elementor-inner-column elementor-element elementor-element-f8cdf09\" data-id=\"f8cdf09\" data-element_type=\"column\">\n\t\t\t<div class=\"elementor-widget-wrap elementor-element-populated\">\n\t\t\t\t\t\t\t\t<div class=\"elementor-element elementor-element-55e70d9 elementor-widget elementor-widget-image\" data-id=\"55e70d9\" data-element_type=\"widget\" data-widget_type=\"image.default\">\n\t\t\t\t<div class=\"elementor-widget-container\">\n\t\t\t\t\t\t\t\t\t\t\t\t<figure class=\"wp-caption\">\n\t\t\t\t\t\t\t\t\t\t\t<a href=\"http:\/\/www.karem-insaat.com\/index.php\/guclendirme\/\">\n\t\t\t\t\t\t\t<img width=\"604\" height=\"338\" src=\"http:\/\/www.karem-insaat.com\/wp-content\/uploads\/2022\/04\/karem-hizmetlerimiz-10.jpg\" class=\"elementor-animation-grow attachment-medium_large size-medium_large\" alt=\"\" loading=\"lazy\" srcset=\"http:\/\/www.karem-insaat.com\/wp-content\/uploads\/2022\/04\/karem-hizmetlerimiz-10.jpg 604w, http:\/\/www.karem-insaat.com\/wp-content\/uploads\/2022\/04\/karem-hizmetlerimiz-10-300x168.jpg 300w\" sizes=\"(max-width: 604px) 100vw, 604px\" \/>\t\t\t\t\t\t\t\t<\/a>\n\t\t\t\t\t\t\t\t\t\t\t<figcaption class=\"widget-image-caption wp-caption-text\">G\u00dc\u00c7LEND\u0130RME \u0130\u015eLER\u0130<\/figcaption>\n\t\t\t\t\t\t\t\t\t\t<\/figure>\n\t\t\t\t\t\t\t\t\t<\/div>\n\t\t\t\t<\/div>\n\t\t\t\t\t<\/div>\n\t\t<\/div>\n\t\t\t\t\t\t\t<\/div>\n\t\t<\/section>\n\t\t\t\t\t<\/div>\n\t\t<\/div>\n\t\t\t\t\t\t\t<\/div>\n\t\t<\/section>\n\t\t\t\t<section class=\"elementor-section elementor-top-section elementor-element elementor-element-9f14b1a elementor-section-full_width elementor-section-height-default elementor-section-height-default elementor-invisible\" data-id=\"9f14b1a\" data-element_type=\"section\" data-settings=\"{&quot;animation&quot;:&quot;fadeInUp&quot;}\">\n\t\t\t\t\t\t<div class=\"elementor-container elementor-column-gap-default\">\n\t\t\t\t\t<div class=\"elementor-column elementor-col-100 elementor-top-column elementor-element elementor-element-355092a\" data-id=\"355092a\" data-element_type=\"column\">\n\t\t\t<div class=\"elementor-widget-wrap elementor-element-populated\">\n\t\t\t\t\t\t\t\t<div class=\"elementor-element elementor-element-874cbb2 elementor-widget elementor-widget-text-editor\" data-id=\"874cbb2\" data-element_type=\"widget\" data-widget_type=\"text-editor.default\">\n\t\t\t\t<div class=\"elementor-widget-container\">\n\t\t\t\t\t\t\t<p>Akat Mah. Ebulula Mardin Cad. \u00c7a\u011flayan Sitesi B Blok Daire 2 Etiler &#8211; Be\u015fikta\u015f &#8211; \u0130stanbul<br \/>GSM: 05304190012 info@karem-insaat.com<\/p>\t\t\t\t\t\t<\/div>\n\t\t\t\t<\/div>\n\t\t\t\t<div class=\"elementor-element elementor-element-e293c46 elementor-widget elementor-widget-google_maps\" data-id=\"e293c46\" data-element_type=\"widget\" data-widget_type=\"google_maps.default\">\n\t\t\t\t<div class=\"elementor-widget-container\">\n\t\t\t<style>\/*! elementor - v3.6.4 - 13-04-2022 *\/\n.elementor-widget-google_maps .elementor-widget-container{overflow:hidden}.elementor-widget-google_maps iframe{height:300px}<\/style>\t\t<div class=\"elementor-custom-embed\">\n\t\t\t<iframe frameborder=\"0\" scrolling=\"no\" marginheight=\"0\" marginwidth=\"0\"\n\t\t\t\t\tsrc=\"https:\/\/maps.google.com\/maps?q=Akat%20Mahallesi%20ebulula%20mardin%20caddesi%20%C3%A7a%C4%9Flayan%20sitesi&#038;t=m&#038;z=14&#038;output=embed&#038;iwloc=near\"\n\t\t\t\t\ttitle=\"Akat Mahallesi ebulula mardin caddesi \u00e7a\u011flayan sitesi\"\n\t\t\t\t\taria-label=\"Akat Mahallesi ebulula mardin caddesi \u00e7a\u011flayan sitesi\"\n\t\t\t><\/iframe>\n\t\t<\/div>\n\t\t\t\t<\/div>\n\t\t\t\t<\/div>\n\t\t\t\t\t<\/div>\n\t\t<\/div>\n\t\t\t\t\t\t\t<\/div>\n\t\t<\/section>\n\t\t\t\t\t\t\t<\/div>\n\t\t","protected":false},"excerpt":{"rendered":"<p>Birlikte Umudu\u0130n\u015fa Ediyoruz Karem \u0130n\u015faat gen\u00e7, dinamik ve tecr\u00fcbeli teknik kadrosu ile proje y\u00f6netimi ve uygulama hizmetleri vermektedir. \u0130\u015fimize olan sayg\u0131m\u0131z ile gelece\u011fe ilerliyoruz. TEKL\u0130F ALIN PROJELER KAL\u0130TEL\u0130 EKONOM\u0130K \u00c7EVRE DOSTU G\u00dcVEN\u0130L\u0130R H\u0130ZMETLER\u0130M\u0130Z Firmam\u0131z, hizmet binalar\u0131, kaba ve ince in\u015faat i\u015fleri, tadilat ve dekorasyon i\u015fleri, binalar\u0131n depreme kar\u015f\u0131 g\u00fc\u00e7lendirilmesi, kontroll\u00fck ve dan\u0131\u015fmanl\u0131k hizmetleri, fabrika binalar\u0131, [&hellip;]<\/p>\n","protected":false},"author":1,"featured_media":0,"parent":0,"menu_order":0,"comment_status":"closed","ping_status":"closed","template":"elementor_header_footer","meta":[],"_links":{"self":[{"href":"http:\/\/www.karem-insaat.com\/index.php\/wp-json\/wp\/v2\/pages\/13"}],"collection":[{"href":"http:\/\/www.karem-insaat.com\/index.php\/wp-json\/wp\/v2\/pages"}],"about":[{"href":"http:\/\/www.karem-insaat.com\/index.php\/wp-json\/wp\/v2\/types\/page"}],"author":[{"embeddable":true,"href":"http:\/\/www.karem-insaat.com\/index.php\/wp-json\/wp\/v2\/users\/1"}],"replies":[{"embeddable":true,"href":"http:\/\/www.karem-insaat.com\/index.php\/wp-json\/wp\/v2\/comments?post=13"}],"version-history":[{"count":86,"href":"http:\/\/www.karem-insaat.com\/index.php\/wp-json\/wp\/v2\/pages\/13\/revisions"}],"predecessor-version":[{"id":446,"href":"http:\/\/www.karem-insaat.com\/index.php\/wp-json\/wp\/v2\/pages\/13\/revisions\/446"}],"wp:attachment":[{"href":"http:\/\/www.karem-insaat.com\/index.php\/wp-json\/wp\/v2\/media?parent=13"}],"curies":[{"name":"wp","href":"https:\/\/api.w.org\/{rel}","templated":true}]}}