{"id":199,"date":"2022-04-26T21:00:59","date_gmt":"2022-04-26T21:00:59","guid":{"rendered":"http:\/\/www.karem-insaat.com\/?page_id=199"},"modified":"2022-04-26T21:03:14","modified_gmt":"2022-04-26T21:03:14","slug":"taahut","status":"publish","type":"page","link":"http:\/\/www.karem-insaat.com\/index.php\/taahut\/","title":{"rendered":"TAAH\u00dcT"},"content":{"rendered":"\t\t<div data-elementor-type=\"wp-page\" data-elementor-id=\"199\" class=\"elementor elementor-199\">\n\t\t\t\t\t\t\t\t\t<section class=\"elementor-section elementor-top-section elementor-element elementor-element-8af3e68 elementor-section-full_width elementor-section-height-min-height elementor-section-height-default elementor-section-items-middle\" data-id=\"8af3e68\" data-element_type=\"section\" data-settings=\"{&quot;background_background&quot;:&quot;classic&quot;}\">\n\t\t\t\t\t\t<div class=\"elementor-container elementor-column-gap-default\">\n\t\t\t\t\t<div class=\"elementor-column elementor-col-100 elementor-top-column elementor-element elementor-element-4937474\" data-id=\"4937474\" data-element_type=\"column\">\n\t\t\t<div class=\"elementor-widget-wrap elementor-element-populated\">\n\t\t\t\t\t\t\t\t<section class=\"elementor-section elementor-inner-section elementor-element elementor-element-d2939d8 elementor-section-boxed elementor-section-height-default elementor-section-height-default\" data-id=\"d2939d8\" data-element_type=\"section\">\n\t\t\t\t\t\t<div class=\"elementor-container elementor-column-gap-default\">\n\t\t\t\t\t<div class=\"elementor-column elementor-col-100 elementor-inner-column elementor-element elementor-element-8745847\" data-id=\"8745847\" data-element_type=\"column\">\n\t\t\t<div class=\"elementor-widget-wrap elementor-element-populated\">\n\t\t\t\t\t\t\t\t<div class=\"elementor-element elementor-element-f19ad8d elementor-widget elementor-widget-heading\" data-id=\"f19ad8d\" data-element_type=\"widget\" data-widget_type=\"heading.default\">\n\t\t\t\t<div class=\"elementor-widget-container\">\n\t\t\t<style>\/*! elementor - v3.6.4 - 13-04-2022 *\/\n.elementor-heading-title{padding:0;margin:0;line-height:1}.elementor-widget-heading .elementor-heading-title[class*=elementor-size-]>a{color:inherit;font-size:inherit;line-height:inherit}.elementor-widget-heading .elementor-heading-title.elementor-size-small{font-size:15px}.elementor-widget-heading .elementor-heading-title.elementor-size-medium{font-size:19px}.elementor-widget-heading .elementor-heading-title.elementor-size-large{font-size:29px}.elementor-widget-heading .elementor-heading-title.elementor-size-xl{font-size:39px}.elementor-widget-heading .elementor-heading-title.elementor-size-xxl{font-size:59px}<\/style><h2 class=\"elementor-heading-title elementor-size-default\">Taahh\u00fct<\/h2>\t\t<\/div>\n\t\t\t\t<\/div>\n\t\t\t\t\t<\/div>\n\t\t<\/div>\n\t\t\t\t\t\t\t<\/div>\n\t\t<\/section>\n\t\t\t\t\t<\/div>\n\t\t<\/div>\n\t\t\t\t\t\t\t<\/div>\n\t\t<\/section>\n\t\t\t\t<section class=\"elementor-section elementor-top-section elementor-element elementor-element-16f56e7 elementor-section-boxed elementor-section-height-default elementor-section-height-default\" data-id=\"16f56e7\" data-element_type=\"section\">\n\t\t\t\t\t\t<div class=\"elementor-container elementor-column-gap-default\">\n\t\t\t\t\t<div class=\"elementor-column elementor-col-100 elementor-top-column elementor-element elementor-element-1db6461\" data-id=\"1db6461\" data-element_type=\"column\">\n\t\t\t<div class=\"elementor-widget-wrap elementor-element-populated\">\n\t\t\t\t\t\t\t\t<div class=\"elementor-element elementor-element-c2240cb elementor-widget elementor-widget-text-editor\" data-id=\"c2240cb\" data-element_type=\"widget\" data-widget_type=\"text-editor.default\">\n\t\t\t\t<div class=\"elementor-widget-container\">\n\t\t\t<style>\/*! elementor - v3.6.4 - 13-04-2022 *\/\n.elementor-widget-text-editor.elementor-drop-cap-view-stacked .elementor-drop-cap{background-color:#818a91;color:#fff}.elementor-widget-text-editor.elementor-drop-cap-view-framed .elementor-drop-cap{color:#818a91;border:3px solid;background-color:transparent}.elementor-widget-text-editor:not(.elementor-drop-cap-view-default) .elementor-drop-cap{margin-top:8px}.elementor-widget-text-editor:not(.elementor-drop-cap-view-default) .elementor-drop-cap-letter{width:1em;height:1em}.elementor-widget-text-editor .elementor-drop-cap{float:left;text-align:center;line-height:1;font-size:50px}.elementor-widget-text-editor .elementor-drop-cap-letter{display:inline-block}<\/style>\t\t\t\t<p>Yap\u0131lar\u0131n taahh\u00fct edilmesiyle beraber projelerin yap\u0131m\u0131nda bitimine kadar gerekli malzeme, maliyet, planlamalar\u0131n sorumlulu\u011fu al\u0131n\u0131r. Bu sorumlulukta, elveri\u015fli bir zemin haz\u0131rlan\u0131p, kar\u015f\u0131l\u0131kl\u0131 uzla\u015f\u0131lan tasar\u0131m, maliyet, s\u00f6zle\u015fme \u015fartlar\u0131 hassasiyetle yerine getirilir.<\/p><ul><li>\u0130n\u015faat Taahh\u00fct<\/li><li>Proje Taahh\u00fct<\/li><li>\u00dcst Yap\u0131 Taahh\u00fct<\/li><li>Alt Yap\u0131 Taahh\u00fct<\/li><li>\u0130\u00e7 Mimari Taahh\u00fct<\/li><li>D\u0131\u015f Cephe Taahh\u00fct<\/li><li>Tadilat Taahh\u00fct<\/li><\/ul>\t\t\t\t\t\t<\/div>\n\t\t\t\t<\/div>\n\t\t\t\t\t<\/div>\n\t\t<\/div>\n\t\t\t\t\t\t\t<\/div>\n\t\t<\/section>\n\t\t\t\t\t\t\t<\/div>\n\t\t","protected":false},"excerpt":{"rendered":"<p>Taahh\u00fct Yap\u0131lar\u0131n taahh\u00fct edilmesiyle beraber projelerin yap\u0131m\u0131nda bitimine kadar gerekli malzeme, maliyet, planlamalar\u0131n sorumlulu\u011fu al\u0131n\u0131r. Bu sorumlulukta, elveri\u015fli bir zemin haz\u0131rlan\u0131p, kar\u015f\u0131l\u0131kl\u0131 uzla\u015f\u0131lan tasar\u0131m, maliyet, s\u00f6zle\u015fme \u015fartlar\u0131 hassasiyetle yerine getirilir. \u0130n\u015faat Taahh\u00fct Proje Taahh\u00fct \u00dcst Yap\u0131 Taahh\u00fct Alt Yap\u0131 Taahh\u00fct \u0130\u00e7 Mimari Taahh\u00fct D\u0131\u015f Cephe Taahh\u00fct Tadilat Taahh\u00fct<\/p>\n","protected":false},"author":1,"featured_media":0,"parent":0,"menu_order":0,"comment_status":"closed","ping_status":"closed","template":"","meta":[],"_links":{"self":[{"href":"http:\/\/www.karem-insaat.com\/index.php\/wp-json\/wp\/v2\/pages\/199"}],"collection":[{"href":"http:\/\/www.karem-insaat.com\/index.php\/wp-json\/wp\/v2\/pages"}],"about":[{"href":"http:\/\/www.karem-insaat.com\/index.php\/wp-json\/wp\/v2\/types\/page"}],"author":[{"embeddable":true,"href":"http:\/\/www.karem-insaat.com\/index.php\/wp-json\/wp\/v2\/users\/1"}],"replies":[{"embeddable":true,"href":"http:\/\/www.karem-insaat.com\/index.php\/wp-json\/wp\/v2\/comments?post=199"}],"version-history":[{"count":5,"href":"http:\/\/www.karem-insaat.com\/index.php\/wp-json\/wp\/v2\/pages\/199\/revisions"}],"predecessor-version":[{"id":204,"href":"http:\/\/www.karem-insaat.com\/index.php\/wp-json\/wp\/v2\/pages\/199\/revisions\/204"}],"wp:attachment":[{"href":"http:\/\/www.karem-insaat.com\/index.php\/wp-json\/wp\/v2\/media?parent=199"}],"curies":[{"name":"wp","href":"https:\/\/api.w.org\/{rel}","templated":true}]}}