{"id":212,"date":"2022-04-26T21:07:37","date_gmt":"2022-04-26T21:07:37","guid":{"rendered":"http:\/\/www.karem-insaat.com\/?page_id=212"},"modified":"2022-04-26T21:08:42","modified_gmt":"2022-04-26T21:08:42","slug":"tadilat-dekorasyon","status":"publish","type":"page","link":"http:\/\/www.karem-insaat.com\/index.php\/tadilat-dekorasyon\/","title":{"rendered":"Tadilat &#038; Dekorasyon"},"content":{"rendered":"\t\t<div data-elementor-type=\"wp-page\" data-elementor-id=\"212\" class=\"elementor elementor-212\">\n\t\t\t\t\t\t\t\t\t<section class=\"elementor-section elementor-top-section elementor-element elementor-element-8af3e68 elementor-section-full_width elementor-section-height-min-height elementor-section-height-default elementor-section-items-middle\" data-id=\"8af3e68\" data-element_type=\"section\" data-settings=\"{&quot;background_background&quot;:&quot;classic&quot;}\">\n\t\t\t\t\t\t<div class=\"elementor-container elementor-column-gap-default\">\n\t\t\t\t\t<div class=\"elementor-column elementor-col-100 elementor-top-column elementor-element elementor-element-4937474\" data-id=\"4937474\" data-element_type=\"column\">\n\t\t\t<div class=\"elementor-widget-wrap elementor-element-populated\">\n\t\t\t\t\t\t\t\t<section class=\"elementor-section elementor-inner-section elementor-element elementor-element-d2939d8 elementor-section-boxed elementor-section-height-default elementor-section-height-default\" data-id=\"d2939d8\" data-element_type=\"section\">\n\t\t\t\t\t\t<div class=\"elementor-container elementor-column-gap-default\">\n\t\t\t\t\t<div class=\"elementor-column elementor-col-100 elementor-inner-column elementor-element elementor-element-8745847\" data-id=\"8745847\" data-element_type=\"column\">\n\t\t\t<div class=\"elementor-widget-wrap elementor-element-populated\">\n\t\t\t\t\t\t\t\t<div class=\"elementor-element elementor-element-f19ad8d elementor-widget elementor-widget-heading\" data-id=\"f19ad8d\" data-element_type=\"widget\" data-widget_type=\"heading.default\">\n\t\t\t\t<div class=\"elementor-widget-container\">\n\t\t\t<style>\/*! elementor - v3.6.4 - 13-04-2022 *\/\n.elementor-heading-title{padding:0;margin:0;line-height:1}.elementor-widget-heading .elementor-heading-title[class*=elementor-size-]>a{color:inherit;font-size:inherit;line-height:inherit}.elementor-widget-heading .elementor-heading-title.elementor-size-small{font-size:15px}.elementor-widget-heading .elementor-heading-title.elementor-size-medium{font-size:19px}.elementor-widget-heading .elementor-heading-title.elementor-size-large{font-size:29px}.elementor-widget-heading .elementor-heading-title.elementor-size-xl{font-size:39px}.elementor-widget-heading .elementor-heading-title.elementor-size-xxl{font-size:59px}<\/style><h2 class=\"elementor-heading-title elementor-size-default\">Tadilat & Dekorasyon<\/h2>\t\t<\/div>\n\t\t\t\t<\/div>\n\t\t\t\t\t<\/div>\n\t\t<\/div>\n\t\t\t\t\t\t\t<\/div>\n\t\t<\/section>\n\t\t\t\t\t<\/div>\n\t\t<\/div>\n\t\t\t\t\t\t\t<\/div>\n\t\t<\/section>\n\t\t\t\t<section class=\"elementor-section elementor-top-section elementor-element elementor-element-16f56e7 elementor-section-boxed elementor-section-height-default elementor-section-height-default\" data-id=\"16f56e7\" data-element_type=\"section\">\n\t\t\t\t\t\t<div class=\"elementor-container elementor-column-gap-default\">\n\t\t\t\t\t<div class=\"elementor-column elementor-col-100 elementor-top-column elementor-element elementor-element-1db6461\" data-id=\"1db6461\" data-element_type=\"column\">\n\t\t\t<div class=\"elementor-widget-wrap elementor-element-populated\">\n\t\t\t\t\t\t\t\t<div class=\"elementor-element elementor-element-c2240cb elementor-widget elementor-widget-text-editor\" data-id=\"c2240cb\" data-element_type=\"widget\" data-widget_type=\"text-editor.default\">\n\t\t\t\t<div class=\"elementor-widget-container\">\n\t\t\t<style>\/*! elementor - v3.6.4 - 13-04-2022 *\/\n.elementor-widget-text-editor.elementor-drop-cap-view-stacked .elementor-drop-cap{background-color:#818a91;color:#fff}.elementor-widget-text-editor.elementor-drop-cap-view-framed .elementor-drop-cap{color:#818a91;border:3px solid;background-color:transparent}.elementor-widget-text-editor:not(.elementor-drop-cap-view-default) .elementor-drop-cap{margin-top:8px}.elementor-widget-text-editor:not(.elementor-drop-cap-view-default) .elementor-drop-cap-letter{width:1em;height:1em}.elementor-widget-text-editor .elementor-drop-cap{float:left;text-align:center;line-height:1;font-size:50px}.elementor-widget-text-editor .elementor-drop-cap-letter{display:inline-block}<\/style>\t\t\t\t<p>Yap\u0131lar\u0131n\u0131z\u0131n yenilenmesi, parlak fikirlerle dekore edilmesi, tamiratlar\u0131n\u0131n yap\u0131lmas\u0131, yal\u0131t\u0131m malzemelerinin uygulanmas\u0131, ek sistemlerle yap\u0131lara yeni tasar\u0131mlar kat\u0131lmas\u0131 gibi pek \u00e7ok i\u015flemleriniz ba\u015far\u0131yla ger\u00e7ekle\u015ftirilmektedir.<\/p><p>Yap\u0131lar\u0131n Yenilenmesi<\/p><ul><li>\u0130\u00e7 Mimari<\/li><li>Ofis B\u00f6lme<\/li><li>\u00c7ekme Kat<\/li><li>Dekorasyon<\/li><li>Tesisat<\/li><li>Yal\u0131t\u0131m<\/li><\/ul>\t\t\t\t\t\t<\/div>\n\t\t\t\t<\/div>\n\t\t\t\t\t<\/div>\n\t\t<\/div>\n\t\t\t\t\t\t\t<\/div>\n\t\t<\/section>\n\t\t\t\t\t\t\t<\/div>\n\t\t","protected":false},"excerpt":{"rendered":"<p>Tadilat &#038; Dekorasyon Yap\u0131lar\u0131n\u0131z\u0131n yenilenmesi, parlak fikirlerle dekore edilmesi, tamiratlar\u0131n\u0131n yap\u0131lmas\u0131, yal\u0131t\u0131m malzemelerinin uygulanmas\u0131, ek sistemlerle yap\u0131lara yeni tasar\u0131mlar kat\u0131lmas\u0131 gibi pek \u00e7ok i\u015flemleriniz ba\u015far\u0131yla ger\u00e7ekle\u015ftirilmektedir. Yap\u0131lar\u0131n Yenilenmesi \u0130\u00e7 Mimari Ofis B\u00f6lme \u00c7ekme Kat Dekorasyon Tesisat Yal\u0131t\u0131m<\/p>\n","protected":false},"author":1,"featured_media":0,"parent":0,"menu_order":0,"comment_status":"closed","ping_status":"closed","template":"","meta":[],"_links":{"self":[{"href":"http:\/\/www.karem-insaat.com\/index.php\/wp-json\/wp\/v2\/pages\/212"}],"collection":[{"href":"http:\/\/www.karem-insaat.com\/index.php\/wp-json\/wp\/v2\/pages"}],"about":[{"href":"http:\/\/www.karem-insaat.com\/index.php\/wp-json\/wp\/v2\/types\/page"}],"author":[{"embeddable":true,"href":"http:\/\/www.karem-insaat.com\/index.php\/wp-json\/wp\/v2\/users\/1"}],"replies":[{"embeddable":true,"href":"http:\/\/www.karem-insaat.com\/index.php\/wp-json\/wp\/v2\/comments?post=212"}],"version-history":[{"count":4,"href":"http:\/\/www.karem-insaat.com\/index.php\/wp-json\/wp\/v2\/pages\/212\/revisions"}],"predecessor-version":[{"id":216,"href":"http:\/\/www.karem-insaat.com\/index.php\/wp-json\/wp\/v2\/pages\/212\/revisions\/216"}],"wp:attachment":[{"href":"http:\/\/www.karem-insaat.com\/index.php\/wp-json\/wp\/v2\/media?parent=212"}],"curies":[{"name":"wp","href":"https:\/\/api.w.org\/{rel}","templated":true}]}}