{"id":224,"date":"2022-04-26T21:11:43","date_gmt":"2022-04-26T21:11:43","guid":{"rendered":"http:\/\/www.karem-insaat.com\/?page_id=224"},"modified":"2022-04-26T21:12:41","modified_gmt":"2022-04-26T21:12:41","slug":"guclendirme","status":"publish","type":"page","link":"http:\/\/www.karem-insaat.com\/index.php\/guclendirme\/","title":{"rendered":"G\u00fc\u00e7lendirme"},"content":{"rendered":"\t\t<div data-elementor-type=\"wp-page\" data-elementor-id=\"224\" class=\"elementor elementor-224\">\n\t\t\t\t\t\t\t\t\t<section class=\"elementor-section elementor-top-section elementor-element elementor-element-8af3e68 elementor-section-full_width elementor-section-height-min-height elementor-section-height-default elementor-section-items-middle\" data-id=\"8af3e68\" data-element_type=\"section\" data-settings=\"{&quot;background_background&quot;:&quot;classic&quot;}\">\n\t\t\t\t\t\t<div class=\"elementor-container elementor-column-gap-default\">\n\t\t\t\t\t<div class=\"elementor-column elementor-col-100 elementor-top-column elementor-element elementor-element-4937474\" data-id=\"4937474\" data-element_type=\"column\">\n\t\t\t<div class=\"elementor-widget-wrap elementor-element-populated\">\n\t\t\t\t\t\t\t\t<section class=\"elementor-section elementor-inner-section elementor-element elementor-element-d2939d8 elementor-section-boxed elementor-section-height-default elementor-section-height-default\" data-id=\"d2939d8\" data-element_type=\"section\">\n\t\t\t\t\t\t<div class=\"elementor-container elementor-column-gap-default\">\n\t\t\t\t\t<div class=\"elementor-column elementor-col-100 elementor-inner-column elementor-element elementor-element-8745847\" data-id=\"8745847\" data-element_type=\"column\">\n\t\t\t<div class=\"elementor-widget-wrap elementor-element-populated\">\n\t\t\t\t\t\t\t\t<div class=\"elementor-element elementor-element-f19ad8d elementor-widget elementor-widget-heading\" data-id=\"f19ad8d\" data-element_type=\"widget\" data-widget_type=\"heading.default\">\n\t\t\t\t<div class=\"elementor-widget-container\">\n\t\t\t<style>\/*! elementor - v3.6.4 - 13-04-2022 *\/\n.elementor-heading-title{padding:0;margin:0;line-height:1}.elementor-widget-heading .elementor-heading-title[class*=elementor-size-]>a{color:inherit;font-size:inherit;line-height:inherit}.elementor-widget-heading .elementor-heading-title.elementor-size-small{font-size:15px}.elementor-widget-heading .elementor-heading-title.elementor-size-medium{font-size:19px}.elementor-widget-heading .elementor-heading-title.elementor-size-large{font-size:29px}.elementor-widget-heading .elementor-heading-title.elementor-size-xl{font-size:39px}.elementor-widget-heading .elementor-heading-title.elementor-size-xxl{font-size:59px}<\/style><h2 class=\"elementor-heading-title elementor-size-default\">G\u00fc\u00e7lendirme<\/h2>\t\t<\/div>\n\t\t\t\t<\/div>\n\t\t\t\t\t<\/div>\n\t\t<\/div>\n\t\t\t\t\t\t\t<\/div>\n\t\t<\/section>\n\t\t\t\t\t<\/div>\n\t\t<\/div>\n\t\t\t\t\t\t\t<\/div>\n\t\t<\/section>\n\t\t\t\t<section class=\"elementor-section elementor-top-section elementor-element elementor-element-16f56e7 elementor-section-boxed elementor-section-height-default elementor-section-height-default\" data-id=\"16f56e7\" data-element_type=\"section\">\n\t\t\t\t\t\t<div class=\"elementor-container elementor-column-gap-default\">\n\t\t\t\t\t<div class=\"elementor-column elementor-col-100 elementor-top-column elementor-element elementor-element-1db6461\" data-id=\"1db6461\" data-element_type=\"column\">\n\t\t\t<div class=\"elementor-widget-wrap elementor-element-populated\">\n\t\t\t\t\t\t\t\t<div class=\"elementor-element elementor-element-c2240cb elementor-widget elementor-widget-text-editor\" data-id=\"c2240cb\" data-element_type=\"widget\" data-widget_type=\"text-editor.default\">\n\t\t\t\t<div class=\"elementor-widget-container\">\n\t\t\t<style>\/*! elementor - v3.6.4 - 13-04-2022 *\/\n.elementor-widget-text-editor.elementor-drop-cap-view-stacked .elementor-drop-cap{background-color:#818a91;color:#fff}.elementor-widget-text-editor.elementor-drop-cap-view-framed .elementor-drop-cap{color:#818a91;border:3px solid;background-color:transparent}.elementor-widget-text-editor:not(.elementor-drop-cap-view-default) .elementor-drop-cap{margin-top:8px}.elementor-widget-text-editor:not(.elementor-drop-cap-view-default) .elementor-drop-cap-letter{width:1em;height:1em}.elementor-widget-text-editor .elementor-drop-cap{float:left;text-align:center;line-height:1;font-size:50px}.elementor-widget-text-editor .elementor-drop-cap-letter{display:inline-block}<\/style>\t\t\t\t<p><b>Yap\u0131 G\u00fc\u00e7lendirme<\/b><br>Yap\u0131 g\u00fc\u00e7lendirme T\u00fcrkiye fay hatlar\u0131 incelendi\u011finde ve ayn\u0131 zamanda T\u00fcrkiye\u2019deki mevcut yap\u0131lar g\u00f6z \u00f6n\u00fcne al\u0131nd\u0131\u011f\u0131nda olduk\u00e7a \u00f6nemli bir hale gelmi\u015ftir. \u00d6zellikle 2000 y\u0131llar\u0131 \u00f6ncesinde yap\u0131lan yap\u0131lar\u0131n b\u00fcy\u00fck \u00e7o\u011funlu\u011fu riskli olarak belirlenmektedir.<br><br>Yap\u0131 denetim sistemi, yeni y\u00f6netmelikler, ilerleyen teknolojik faaliyetler sonras\u0131nda \u0130n\u015faat M\u00fchendisli\u011fi \u00e7ok ayd\u0131nlat\u0131c\u0131 fikirler verip depreme daha kar\u015f\u0131 daha dayan\u0131kl\u0131 yap\u0131lar in\u015fa edilmi\u015ftir. Hasarl\u0131 yap\u0131lar ise geli\u015ftirilen bir \u00e7ok g\u00fc\u00e7lendirme metotlar\u0131yla beraber, yap\u0131n\u0131n depreme kar\u015f\u0131 s\u00fcnek davranmas\u0131n\u0131 sa\u011flay\u0131p g\u00f6\u00e7meye sebebiyet veren ortamlar\u0131 ortadan kald\u0131rmaktad\u0131r. Her yap\u0131ya uygun tasar\u0131mlarla de\u011ferli m\u00fc\u015fterilerine g\u00fc\u00e7lendirme hizmeti verilmektedir.<\/p>\t\t\t\t\t\t<\/div>\n\t\t\t\t<\/div>\n\t\t\t\t\t<\/div>\n\t\t<\/div>\n\t\t\t\t\t\t\t<\/div>\n\t\t<\/section>\n\t\t\t\t\t\t\t<\/div>\n\t\t","protected":false},"excerpt":{"rendered":"<p>G\u00fc\u00e7lendirme Yap\u0131 G\u00fc\u00e7lendirmeYap\u0131 g\u00fc\u00e7lendirme T\u00fcrkiye fay hatlar\u0131 incelendi\u011finde ve ayn\u0131 zamanda T\u00fcrkiye\u2019deki mevcut yap\u0131lar g\u00f6z \u00f6n\u00fcne al\u0131nd\u0131\u011f\u0131nda olduk\u00e7a \u00f6nemli bir hale gelmi\u015ftir. \u00d6zellikle 2000 y\u0131llar\u0131 \u00f6ncesinde yap\u0131lan yap\u0131lar\u0131n b\u00fcy\u00fck \u00e7o\u011funlu\u011fu riskli olarak belirlenmektedir. Yap\u0131 denetim sistemi, yeni y\u00f6netmelikler, ilerleyen teknolojik faaliyetler sonras\u0131nda \u0130n\u015faat M\u00fchendisli\u011fi \u00e7ok ayd\u0131nlat\u0131c\u0131 fikirler verip depreme daha kar\u015f\u0131 daha dayan\u0131kl\u0131 yap\u0131lar in\u015fa [&hellip;]<\/p>\n","protected":false},"author":1,"featured_media":0,"parent":0,"menu_order":0,"comment_status":"closed","ping_status":"closed","template":"","meta":[],"_links":{"self":[{"href":"http:\/\/www.karem-insaat.com\/index.php\/wp-json\/wp\/v2\/pages\/224"}],"collection":[{"href":"http:\/\/www.karem-insaat.com\/index.php\/wp-json\/wp\/v2\/pages"}],"about":[{"href":"http:\/\/www.karem-insaat.com\/index.php\/wp-json\/wp\/v2\/types\/page"}],"author":[{"embeddable":true,"href":"http:\/\/www.karem-insaat.com\/index.php\/wp-json\/wp\/v2\/users\/1"}],"replies":[{"embeddable":true,"href":"http:\/\/www.karem-insaat.com\/index.php\/wp-json\/wp\/v2\/comments?post=224"}],"version-history":[{"count":4,"href":"http:\/\/www.karem-insaat.com\/index.php\/wp-json\/wp\/v2\/pages\/224\/revisions"}],"predecessor-version":[{"id":228,"href":"http:\/\/www.karem-insaat.com\/index.php\/wp-json\/wp\/v2\/pages\/224\/revisions\/228"}],"wp:attachment":[{"href":"http:\/\/www.karem-insaat.com\/index.php\/wp-json\/wp\/v2\/media?parent=224"}],"curies":[{"name":"wp","href":"https:\/\/api.w.org\/{rel}","templated":true}]}}