{"id":318,"date":"2022-04-26T23:16:31","date_gmt":"2022-04-26T23:16:31","guid":{"rendered":"http:\/\/www.karem-insaat.com\/?page_id=318"},"modified":"2022-04-28T22:00:40","modified_gmt":"2022-04-28T22:00:40","slug":"our-experience","status":"publish","type":"page","link":"http:\/\/www.karem-insaat.com\/index.php\/our-experience\/","title":{"rendered":"Our Experience"},"content":{"rendered":"\t\t<div data-elementor-type=\"wp-page\" data-elementor-id=\"318\" class=\"elementor elementor-318\">\n\t\t\t\t\t\t\t\t\t<section class=\"elementor-section elementor-top-section elementor-element elementor-element-8af3e68 elementor-section-full_width elementor-section-height-min-height elementor-section-height-default elementor-section-items-middle\" data-id=\"8af3e68\" data-element_type=\"section\" data-settings=\"{&quot;background_background&quot;:&quot;classic&quot;}\">\n\t\t\t\t\t\t<div class=\"elementor-container elementor-column-gap-default\">\n\t\t\t\t\t<div class=\"elementor-column elementor-col-100 elementor-top-column elementor-element elementor-element-4937474\" data-id=\"4937474\" data-element_type=\"column\">\n\t\t\t<div class=\"elementor-widget-wrap elementor-element-populated\">\n\t\t\t\t\t\t\t\t<section class=\"elementor-section elementor-inner-section elementor-element elementor-element-d2939d8 elementor-section-boxed elementor-section-height-default elementor-section-height-default\" data-id=\"d2939d8\" data-element_type=\"section\">\n\t\t\t\t\t\t<div class=\"elementor-container elementor-column-gap-default\">\n\t\t\t\t\t<div class=\"elementor-column elementor-col-100 elementor-inner-column elementor-element elementor-element-8745847\" data-id=\"8745847\" data-element_type=\"column\">\n\t\t\t<div class=\"elementor-widget-wrap elementor-element-populated\">\n\t\t\t\t\t\t\t\t<div class=\"elementor-element elementor-element-f19ad8d elementor-widget elementor-widget-heading\" data-id=\"f19ad8d\" data-element_type=\"widget\" data-widget_type=\"heading.default\">\n\t\t\t\t<div class=\"elementor-widget-container\">\n\t\t\t<style>\/*! elementor - v3.6.4 - 13-04-2022 *\/\n.elementor-heading-title{padding:0;margin:0;line-height:1}.elementor-widget-heading .elementor-heading-title[class*=elementor-size-]>a{color:inherit;font-size:inherit;line-height:inherit}.elementor-widget-heading .elementor-heading-title.elementor-size-small{font-size:15px}.elementor-widget-heading .elementor-heading-title.elementor-size-medium{font-size:19px}.elementor-widget-heading .elementor-heading-title.elementor-size-large{font-size:29px}.elementor-widget-heading .elementor-heading-title.elementor-size-xl{font-size:39px}.elementor-widget-heading .elementor-heading-title.elementor-size-xxl{font-size:59px}<\/style><h2 class=\"elementor-heading-title elementor-size-default\">Our Experience<\/h2>\t\t<\/div>\n\t\t\t\t<\/div>\n\t\t\t\t\t<\/div>\n\t\t<\/div>\n\t\t\t\t\t\t\t<\/div>\n\t\t<\/section>\n\t\t\t\t\t<\/div>\n\t\t<\/div>\n\t\t\t\t\t\t\t<\/div>\n\t\t<\/section>\n\t\t\t\t<section class=\"elementor-section elementor-top-section elementor-element elementor-element-16f56e7 elementor-section-boxed elementor-section-height-default elementor-section-height-default\" data-id=\"16f56e7\" data-element_type=\"section\">\n\t\t\t\t\t\t<div class=\"elementor-container elementor-column-gap-default\">\n\t\t\t\t\t<div class=\"elementor-column elementor-col-100 elementor-top-column elementor-element elementor-element-1db6461\" data-id=\"1db6461\" data-element_type=\"column\">\n\t\t\t<div class=\"elementor-widget-wrap elementor-element-populated\">\n\t\t\t\t\t\t\t\t<div class=\"elementor-element elementor-element-c2240cb elementor-widget elementor-widget-text-editor\" data-id=\"c2240cb\" data-element_type=\"widget\" data-widget_type=\"text-editor.default\">\n\t\t\t\t<div class=\"elementor-widget-container\">\n\t\t\t<style>\/*! elementor - v3.6.4 - 13-04-2022 *\/\n.elementor-widget-text-editor.elementor-drop-cap-view-stacked .elementor-drop-cap{background-color:#818a91;color:#fff}.elementor-widget-text-editor.elementor-drop-cap-view-framed .elementor-drop-cap{color:#818a91;border:3px solid;background-color:transparent}.elementor-widget-text-editor:not(.elementor-drop-cap-view-default) .elementor-drop-cap{margin-top:8px}.elementor-widget-text-editor:not(.elementor-drop-cap-view-default) .elementor-drop-cap-letter{width:1em;height:1em}.elementor-widget-text-editor .elementor-drop-cap{float:left;text-align:center;line-height:1;font-size:50px}.elementor-widget-text-editor .elementor-drop-cap-letter{display:inline-block}<\/style>\t\t\t\t<p><strong>\u0130BRAH\u0130M \u0130NCE<\/strong><br \/>\u0130brahim \u0130nce graduated from Erciyes University Engineering Faculty\/Civil Engineering Department in 2006. As a manager, he had worked in many qualified projects in the construction of buildings such as residences, hospitals, schools, office buildings and mosques. He managed the production of approximately 300,000 m2 closed area.<\/p><p>\u0130brahim \u0130nce, who founded Karem \u0130n\u015faat in 2022, associates his 16 years of experience with the quality of service he provides, and offers it to his customers.<\/p>\t\t\t\t\t\t<\/div>\n\t\t\t\t<\/div>\n\t\t\t\t\t<\/div>\n\t\t<\/div>\n\t\t\t\t\t\t\t<\/div>\n\t\t<\/section>\n\t\t\t\t<section class=\"elementor-section elementor-top-section elementor-element elementor-element-1370278 elementor-section-boxed elementor-section-height-default elementor-section-height-default\" data-id=\"1370278\" data-element_type=\"section\">\n\t\t\t\t\t\t<div class=\"elementor-container elementor-column-gap-default\">\n\t\t\t\t\t<div class=\"elementor-column elementor-col-100 elementor-top-column elementor-element elementor-element-a681399\" data-id=\"a681399\" data-element_type=\"column\">\n\t\t\t<div class=\"elementor-widget-wrap elementor-element-populated\">\n\t\t\t\t\t\t\t\t<section class=\"elementor-section elementor-inner-section elementor-element elementor-element-ff46376 elementor-section-boxed elementor-section-height-default elementor-section-height-default\" data-id=\"ff46376\" data-element_type=\"section\">\n\t\t\t\t\t\t<div class=\"elementor-container elementor-column-gap-default\">\n\t\t\t\t\t<div class=\"elementor-column elementor-col-33 elementor-inner-column elementor-element elementor-element-93b86be\" data-id=\"93b86be\" data-element_type=\"column\">\n\t\t\t<div class=\"elementor-widget-wrap elementor-element-populated\">\n\t\t\t\t\t\t\t\t<div class=\"elementor-element elementor-element-81abbcd elementor-widget elementor-widget-image\" data-id=\"81abbcd\" data-element_type=\"widget\" data-widget_type=\"image.default\">\n\t\t\t\t<div class=\"elementor-widget-container\">\n\t\t\t<style>\/*! elementor - v3.6.4 - 13-04-2022 *\/\n.elementor-widget-image{text-align:center}.elementor-widget-image a{display:inline-block}.elementor-widget-image a img[src$=\".svg\"]{width:48px}.elementor-widget-image img{vertical-align:middle;display:inline-block}<\/style>\t\t\t\t\t\t\t\t\t\t\t\t<img width=\"300\" height=\"217\" src=\"http:\/\/www.karem-insaat.com\/wp-content\/uploads\/2022\/04\/1yapi-kredi-bankacilik-ussu-akademi-binasi-300x217.jpg\" class=\"attachment-medium size-medium\" alt=\"\" loading=\"lazy\" srcset=\"http:\/\/www.karem-insaat.com\/wp-content\/uploads\/2022\/04\/1yapi-kredi-bankacilik-ussu-akademi-binasi-300x217.jpg 300w, http:\/\/www.karem-insaat.com\/wp-content\/uploads\/2022\/04\/1yapi-kredi-bankacilik-ussu-akademi-binasi.jpg 409w\" sizes=\"(max-width: 300px) 100vw, 300px\" \/>\t\t\t\t\t\t\t\t\t\t\t\t\t\t\t<\/div>\n\t\t\t\t<\/div>\n\t\t\t\t<div class=\"elementor-element elementor-element-eb93577 elementor-widget elementor-widget-heading\" data-id=\"eb93577\" data-element_type=\"widget\" data-widget_type=\"heading.default\">\n\t\t\t\t<div class=\"elementor-widget-container\">\n\t\t\t<h2 class=\"elementor-heading-title elementor-size-default\">YAPI KRED\u0130 BANKACILIK \u00dcSS\u00dc AKADEM\u0130 B\u0130NASI<\/h2>\t\t<\/div>\n\t\t\t\t<\/div>\n\t\t\t\t<div class=\"elementor-element elementor-element-1e7f461 elementor-widget elementor-widget-text-editor\" data-id=\"1e7f461\" data-element_type=\"widget\" data-widget_type=\"text-editor.default\">\n\t\t\t\t<div class=\"elementor-widget-container\">\n\t\t\t\t\t\t\t<p>DATE\u2026\u20262009<br \/>CONSTRUCTION AREA\u2026..25.000 M2<br \/>POS\u0130T\u0130ON \u2026\u2026.S\u0130TE MENEGER<br \/>C\u0130TY\u2026\u2026\u2026 KOCAEL\u0130\/GEBZE<br \/>TURNKEY<\/p>\t\t\t\t\t\t<\/div>\n\t\t\t\t<\/div>\n\t\t\t\t\t<\/div>\n\t\t<\/div>\n\t\t\t\t<div class=\"elementor-column elementor-col-33 elementor-inner-column elementor-element elementor-element-5eea59d\" data-id=\"5eea59d\" data-element_type=\"column\">\n\t\t\t<div class=\"elementor-widget-wrap elementor-element-populated\">\n\t\t\t\t\t\t\t\t<div class=\"elementor-element elementor-element-6855917 elementor-widget elementor-widget-image\" data-id=\"6855917\" data-element_type=\"widget\" data-widget_type=\"image.default\">\n\t\t\t\t<div class=\"elementor-widget-container\">\n\t\t\t\t\t\t\t\t\t\t\t\t\t\t\t<img width=\"300\" height=\"217\" src=\"http:\/\/www.karem-insaat.com\/wp-content\/uploads\/2022\/04\/1-yildirim-beyazid-camii-300x217.jpg\" class=\"attachment-medium size-medium\" alt=\"\" loading=\"lazy\" srcset=\"http:\/\/www.karem-insaat.com\/wp-content\/uploads\/2022\/04\/1-yildirim-beyazid-camii-300x217.jpg 300w, http:\/\/www.karem-insaat.com\/wp-content\/uploads\/2022\/04\/1-yildirim-beyazid-camii.jpg 409w\" sizes=\"(max-width: 300px) 100vw, 300px\" \/>\t\t\t\t\t\t\t\t\t\t\t\t\t\t\t<\/div>\n\t\t\t\t<\/div>\n\t\t\t\t<div class=\"elementor-element elementor-element-bb6e071 elementor-widget elementor-widget-heading\" data-id=\"bb6e071\" data-element_type=\"widget\" data-widget_type=\"heading.default\">\n\t\t\t\t<div class=\"elementor-widget-container\">\n\t\t\t<h2 class=\"elementor-heading-title elementor-size-default\">YILDIRIM BEYAZID CAM\u0130\u0130<\/h2>\t\t<\/div>\n\t\t\t\t<\/div>\n\t\t\t\t<div class=\"elementor-element elementor-element-02f93da elementor-widget elementor-widget-text-editor\" data-id=\"02f93da\" data-element_type=\"widget\" data-widget_type=\"text-editor.default\">\n\t\t\t\t<div class=\"elementor-widget-container\">\n\t\t\t\t\t\t\t<p>DATE\u2026\u20262011<br \/>CONSTRUCTION AREA\u2026..20.000 M2<br \/>POS\u0130T\u0130ON \u2026\u2026.S\u0130TE MENEGER<br \/>C\u0130TY \u2026..\u0130STANBUL\/\u00c7ENGELK\u00d6Y<br \/>TURNKEY<\/p>\t\t\t\t\t\t<\/div>\n\t\t\t\t<\/div>\n\t\t\t\t\t<\/div>\n\t\t<\/div>\n\t\t\t\t<div class=\"elementor-column elementor-col-33 elementor-inner-column elementor-element elementor-element-f394a11\" data-id=\"f394a11\" data-element_type=\"column\">\n\t\t\t<div class=\"elementor-widget-wrap elementor-element-populated\">\n\t\t\t\t\t\t\t\t<div class=\"elementor-element elementor-element-099b490 elementor-widget elementor-widget-image\" data-id=\"099b490\" data-element_type=\"widget\" data-widget_type=\"image.default\">\n\t\t\t\t<div class=\"elementor-widget-container\">\n\t\t\t\t\t\t\t\t\t\t\t\t\t\t\t<img width=\"300\" height=\"217\" src=\"http:\/\/www.karem-insaat.com\/wp-content\/uploads\/2022\/04\/1-GOLCUK-MYO-2-300x217.jpg\" class=\"attachment-medium size-medium\" alt=\"\" loading=\"lazy\" srcset=\"http:\/\/www.karem-insaat.com\/wp-content\/uploads\/2022\/04\/1-GOLCUK-MYO-2-300x217.jpg 300w, http:\/\/www.karem-insaat.com\/wp-content\/uploads\/2022\/04\/1-GOLCUK-MYO-2.jpg 409w\" sizes=\"(max-width: 300px) 100vw, 300px\" \/>\t\t\t\t\t\t\t\t\t\t\t\t\t\t\t<\/div>\n\t\t\t\t<\/div>\n\t\t\t\t<div class=\"elementor-element elementor-element-965534d elementor-widget elementor-widget-heading\" data-id=\"965534d\" data-element_type=\"widget\" data-widget_type=\"heading.default\">\n\t\t\t\t<div class=\"elementor-widget-container\">\n\t\t\t<h2 class=\"elementor-heading-title elementor-size-default\">FORD OTOSAN G\u00d6LC\u00dcK MYO<\/h2>\t\t<\/div>\n\t\t\t\t<\/div>\n\t\t\t\t<div class=\"elementor-element elementor-element-cdcd54a elementor-widget elementor-widget-text-editor\" data-id=\"cdcd54a\" data-element_type=\"widget\" data-widget_type=\"text-editor.default\">\n\t\t\t\t<div class=\"elementor-widget-container\">\n\t\t\t\t\t\t\t<p>DATE\u2026\u20262013<br>CONSTRUCTION AREA\u2026..25.000 M2<br>POS\u0130T\u0130ON \u2026\u2026.S\u0130TE MENEGER<br>C\u0130TY\u2026\u2026\u2026 KOCAEL\u0130\/GEBZE<br>TURNKEY<\/p>\t\t\t\t\t\t<\/div>\n\t\t\t\t<\/div>\n\t\t\t\t\t<\/div>\n\t\t<\/div>\n\t\t\t\t\t\t\t<\/div>\n\t\t<\/section>\n\t\t\t\t\t<\/div>\n\t\t<\/div>\n\t\t\t\t\t\t\t<\/div>\n\t\t<\/section>\n\t\t\t\t<section class=\"elementor-section elementor-top-section elementor-element elementor-element-7deaf73 elementor-section-boxed elementor-section-height-default elementor-section-height-default\" data-id=\"7deaf73\" data-element_type=\"section\">\n\t\t\t\t\t\t<div class=\"elementor-container elementor-column-gap-default\">\n\t\t\t\t\t<div class=\"elementor-column elementor-col-100 elementor-top-column elementor-element elementor-element-2b33968\" data-id=\"2b33968\" data-element_type=\"column\">\n\t\t\t<div class=\"elementor-widget-wrap elementor-element-populated\">\n\t\t\t\t\t\t\t\t<section class=\"elementor-section elementor-inner-section elementor-element elementor-element-f9a0915 elementor-section-boxed elementor-section-height-default elementor-section-height-default\" data-id=\"f9a0915\" data-element_type=\"section\">\n\t\t\t\t\t\t<div class=\"elementor-container elementor-column-gap-default\">\n\t\t\t\t\t<div class=\"elementor-column elementor-col-33 elementor-inner-column elementor-element elementor-element-1dc93b9\" data-id=\"1dc93b9\" data-element_type=\"column\">\n\t\t\t<div class=\"elementor-widget-wrap elementor-element-populated\">\n\t\t\t\t\t\t\t\t<div class=\"elementor-element elementor-element-01370dc elementor-widget elementor-widget-image\" data-id=\"01370dc\" data-element_type=\"widget\" data-widget_type=\"image.default\">\n\t\t\t\t<div class=\"elementor-widget-container\">\n\t\t\t\t\t\t\t\t\t\t\t\t\t\t\t<img width=\"300\" height=\"217\" src=\"http:\/\/www.karem-insaat.com\/wp-content\/uploads\/2022\/04\/1-OZSOY-PLAZA-300x217.jpg\" class=\"attachment-medium size-medium\" alt=\"\" loading=\"lazy\" srcset=\"http:\/\/www.karem-insaat.com\/wp-content\/uploads\/2022\/04\/1-OZSOY-PLAZA-300x217.jpg 300w, http:\/\/www.karem-insaat.com\/wp-content\/uploads\/2022\/04\/1-OZSOY-PLAZA.jpg 409w\" sizes=\"(max-width: 300px) 100vw, 300px\" \/>\t\t\t\t\t\t\t\t\t\t\t\t\t\t\t<\/div>\n\t\t\t\t<\/div>\n\t\t\t\t<div class=\"elementor-element elementor-element-bbc5934 elementor-widget elementor-widget-heading\" data-id=\"bbc5934\" data-element_type=\"widget\" data-widget_type=\"heading.default\">\n\t\t\t\t<div class=\"elementor-widget-container\">\n\t\t\t<h2 class=\"elementor-heading-title elementor-size-default\">MASLAK \u00d6ZSOY PLAZA<\/h2>\t\t<\/div>\n\t\t\t\t<\/div>\n\t\t\t\t<div class=\"elementor-element elementor-element-22d33b3 elementor-widget elementor-widget-text-editor\" data-id=\"22d33b3\" data-element_type=\"widget\" data-widget_type=\"text-editor.default\">\n\t\t\t\t<div class=\"elementor-widget-container\">\n\t\t\t\t\t\t\t<p>DATE\u2026\u20262014<br \/>CONSTRUCTION AREA\u2026..15.000 M2<br \/>POS\u0130T\u0130ON \u2026\u2026.S\u0130TE MENEGER<br \/>C\u0130TY\u2026\u2026.. \u0130STANBUL\/MASLAK<br \/>TURNKEY<\/p>\t\t\t\t\t\t<\/div>\n\t\t\t\t<\/div>\n\t\t\t\t\t<\/div>\n\t\t<\/div>\n\t\t\t\t<div class=\"elementor-column elementor-col-33 elementor-inner-column elementor-element elementor-element-29b22f6\" data-id=\"29b22f6\" data-element_type=\"column\">\n\t\t\t<div class=\"elementor-widget-wrap elementor-element-populated\">\n\t\t\t\t\t\t\t\t<div class=\"elementor-element elementor-element-ca909d8 elementor-widget elementor-widget-image\" data-id=\"ca909d8\" data-element_type=\"widget\" data-widget_type=\"image.default\">\n\t\t\t\t<div class=\"elementor-widget-container\">\n\t\t\t\t\t\t\t\t\t\t\t\t\t\t\t<img width=\"300\" height=\"217\" src=\"http:\/\/www.karem-insaat.com\/wp-content\/uploads\/2022\/04\/1-kar-gy-resim-300x217.jpg\" class=\"attachment-medium size-medium\" alt=\"\" loading=\"lazy\" srcset=\"http:\/\/www.karem-insaat.com\/wp-content\/uploads\/2022\/04\/1-kar-gy-resim-300x217.jpg 300w, http:\/\/www.karem-insaat.com\/wp-content\/uploads\/2022\/04\/1-kar-gy-resim.jpg 409w\" sizes=\"(max-width: 300px) 100vw, 300px\" \/>\t\t\t\t\t\t\t\t\t\t\t\t\t\t\t<\/div>\n\t\t\t\t<\/div>\n\t\t\t\t<div class=\"elementor-element elementor-element-4c11075 elementor-widget elementor-widget-heading\" data-id=\"4c11075\" data-element_type=\"widget\" data-widget_type=\"heading.default\">\n\t\t\t\t<div class=\"elementor-widget-container\">\n\t\t\t<h2 class=\"elementor-heading-title elementor-size-default\">MASLAK KAR GY PLAZA \u0130N\u015eAATI<\/h2>\t\t<\/div>\n\t\t\t\t<\/div>\n\t\t\t\t<div class=\"elementor-element elementor-element-c251928 elementor-widget elementor-widget-text-editor\" data-id=\"c251928\" data-element_type=\"widget\" data-widget_type=\"text-editor.default\">\n\t\t\t\t<div class=\"elementor-widget-container\">\n\t\t\t\t\t\t\t<p>DATE\u2026\u20262015<br \/>CONSTRUCTION AREA\u2026..55.000 M2<br \/>POS\u0130T\u0130ON \u2026\u2026.S\u0130TE MENEGER<br \/>C\u0130TY\u2026\u2026.. \u0130STANBUL\/MASLAK<br \/>TURNKEY<\/p>\t\t\t\t\t\t<\/div>\n\t\t\t\t<\/div>\n\t\t\t\t\t<\/div>\n\t\t<\/div>\n\t\t\t\t<div class=\"elementor-column elementor-col-33 elementor-inner-column elementor-element elementor-element-ae66de4\" data-id=\"ae66de4\" data-element_type=\"column\">\n\t\t\t<div class=\"elementor-widget-wrap elementor-element-populated\">\n\t\t\t\t\t\t\t\t<div class=\"elementor-element elementor-element-0d8258c elementor-widget elementor-widget-image\" data-id=\"0d8258c\" data-element_type=\"widget\" data-widget_type=\"image.default\">\n\t\t\t\t<div class=\"elementor-widget-container\">\n\t\t\t\t\t\t\t\t\t\t\t\t\t\t\t<img width=\"300\" height=\"217\" src=\"http:\/\/www.karem-insaat.com\/wp-content\/uploads\/2022\/04\/1-BUYUK-KONAK-300x217.jpg\" class=\"attachment-medium size-medium\" alt=\"\" loading=\"lazy\" srcset=\"http:\/\/www.karem-insaat.com\/wp-content\/uploads\/2022\/04\/1-BUYUK-KONAK-300x217.jpg 300w, http:\/\/www.karem-insaat.com\/wp-content\/uploads\/2022\/04\/1-BUYUK-KONAK.jpg 409w\" sizes=\"(max-width: 300px) 100vw, 300px\" \/>\t\t\t\t\t\t\t\t\t\t\t\t\t\t\t<\/div>\n\t\t\t\t<\/div>\n\t\t\t\t<div class=\"elementor-element elementor-element-8d80ae5 elementor-widget elementor-widget-heading\" data-id=\"8d80ae5\" data-element_type=\"widget\" data-widget_type=\"heading.default\">\n\t\t\t\t<div class=\"elementor-widget-container\">\n\t\t\t<h2 class=\"elementor-heading-title elementor-size-default\">ASCE KRAL B\u00dcY\u00dcK KONAK APARTMANI<\/h2>\t\t<\/div>\n\t\t\t\t<\/div>\n\t\t\t\t<div class=\"elementor-element elementor-element-0219570 elementor-widget elementor-widget-text-editor\" data-id=\"0219570\" data-element_type=\"widget\" data-widget_type=\"text-editor.default\">\n\t\t\t\t<div class=\"elementor-widget-container\">\n\t\t\t\t\t\t\t<p>DATE\u2026\u20262017<br \/>CONSTRUCTION AREA\u2026..20.000 M2<br \/>POS\u0130T\u0130ON \u2026\u2026.S\u0130TE MENEGER<br \/>C\u0130TY\u2026\u2026..\u0130STANBUL\/KADIK\u00d6Y<br \/>TURNKEY<\/p>\t\t\t\t\t\t<\/div>\n\t\t\t\t<\/div>\n\t\t\t\t\t<\/div>\n\t\t<\/div>\n\t\t\t\t\t\t\t<\/div>\n\t\t<\/section>\n\t\t\t\t\t<\/div>\n\t\t<\/div>\n\t\t\t\t\t\t\t<\/div>\n\t\t<\/section>\n\t\t\t\t<section class=\"elementor-section elementor-top-section elementor-element elementor-element-6530d1c elementor-section-boxed elementor-section-height-default elementor-section-height-default\" data-id=\"6530d1c\" data-element_type=\"section\">\n\t\t\t\t\t\t<div class=\"elementor-container elementor-column-gap-default\">\n\t\t\t\t\t<div class=\"elementor-column elementor-col-100 elementor-top-column elementor-element elementor-element-c3c0ff9\" data-id=\"c3c0ff9\" data-element_type=\"column\">\n\t\t\t<div class=\"elementor-widget-wrap elementor-element-populated\">\n\t\t\t\t\t\t\t\t<section class=\"elementor-section elementor-inner-section elementor-element elementor-element-71dbcfa elementor-section-boxed elementor-section-height-default elementor-section-height-default\" data-id=\"71dbcfa\" data-element_type=\"section\">\n\t\t\t\t\t\t<div class=\"elementor-container elementor-column-gap-default\">\n\t\t\t\t\t<div class=\"elementor-column elementor-col-33 elementor-inner-column elementor-element elementor-element-ca5f0ef\" data-id=\"ca5f0ef\" data-element_type=\"column\">\n\t\t\t<div class=\"elementor-widget-wrap elementor-element-populated\">\n\t\t\t\t\t\t\t\t<div class=\"elementor-element elementor-element-74e0839 elementor-widget elementor-widget-image\" data-id=\"74e0839\" data-element_type=\"widget\" data-widget_type=\"image.default\">\n\t\t\t\t<div class=\"elementor-widget-container\">\n\t\t\t\t\t\t\t\t\t\t\t\t\t\t\t<img width=\"300\" height=\"217\" src=\"http:\/\/www.karem-insaat.com\/wp-content\/uploads\/2022\/04\/1MECIDIYEKOY-OFIS-BINASI-300x217.jpg\" class=\"attachment-medium size-medium\" alt=\"\" loading=\"lazy\" srcset=\"http:\/\/www.karem-insaat.com\/wp-content\/uploads\/2022\/04\/1MECIDIYEKOY-OFIS-BINASI-300x217.jpg 300w, http:\/\/www.karem-insaat.com\/wp-content\/uploads\/2022\/04\/1MECIDIYEKOY-OFIS-BINASI.jpg 409w\" sizes=\"(max-width: 300px) 100vw, 300px\" \/>\t\t\t\t\t\t\t\t\t\t\t\t\t\t\t<\/div>\n\t\t\t\t<\/div>\n\t\t\t\t<div class=\"elementor-element elementor-element-72acb19 elementor-widget elementor-widget-heading\" data-id=\"72acb19\" data-element_type=\"widget\" data-widget_type=\"heading.default\">\n\t\t\t\t<div class=\"elementor-widget-container\">\n\t\t\t<h2 class=\"elementor-heading-title elementor-size-default\">MEC\u0130D\u0130YEK\u00d6Y OF\u0130S B\u0130NASI<\/h2>\t\t<\/div>\n\t\t\t\t<\/div>\n\t\t\t\t<div class=\"elementor-element elementor-element-4875149 elementor-widget elementor-widget-text-editor\" data-id=\"4875149\" data-element_type=\"widget\" data-widget_type=\"text-editor.default\">\n\t\t\t\t<div class=\"elementor-widget-container\">\n\t\t\t\t\t\t\t<p>DATE\u2026\u20262018<br \/>CONSTRUCTION AREA\u2026..15.000 M2<br \/>POS\u0130T\u0130ON \u2026\u2026.S\u0130TE MENEGER<br \/>C\u0130TY \u2026\u2026.\u0130STANBUL\/MEC\u0130D\u0130YEK\u00d6Y<br \/>TURNKEY<\/p>\t\t\t\t\t\t<\/div>\n\t\t\t\t<\/div>\n\t\t\t\t\t<\/div>\n\t\t<\/div>\n\t\t\t\t<div class=\"elementor-column elementor-col-33 elementor-inner-column elementor-element elementor-element-16a6c25\" data-id=\"16a6c25\" data-element_type=\"column\">\n\t\t\t<div class=\"elementor-widget-wrap elementor-element-populated\">\n\t\t\t\t\t\t\t\t<div class=\"elementor-element elementor-element-19e24c7 elementor-widget elementor-widget-image\" data-id=\"19e24c7\" data-element_type=\"widget\" data-widget_type=\"image.default\">\n\t\t\t\t<div class=\"elementor-widget-container\">\n\t\t\t\t\t\t\t\t\t\t\t\t\t\t\t<img width=\"300\" height=\"217\" src=\"http:\/\/www.karem-insaat.com\/wp-content\/uploads\/2022\/04\/Untitled-1-300x217.jpg\" class=\"attachment-medium size-medium\" alt=\"\" loading=\"lazy\" srcset=\"http:\/\/www.karem-insaat.com\/wp-content\/uploads\/2022\/04\/Untitled-1-300x217.jpg 300w, http:\/\/www.karem-insaat.com\/wp-content\/uploads\/2022\/04\/Untitled-1.jpg 409w\" sizes=\"(max-width: 300px) 100vw, 300px\" \/>\t\t\t\t\t\t\t\t\t\t\t\t\t\t\t<\/div>\n\t\t\t\t<\/div>\n\t\t\t\t<div class=\"elementor-element elementor-element-9cdef7f elementor-widget elementor-widget-heading\" data-id=\"9cdef7f\" data-element_type=\"widget\" data-widget_type=\"heading.default\">\n\t\t\t\t<div class=\"elementor-widget-container\">\n\t\t\t<h2 class=\"elementor-heading-title elementor-size-default\">MED\u0130POL ACIBADEM HASTANES\u0130<\/h2>\t\t<\/div>\n\t\t\t\t<\/div>\n\t\t\t\t<div class=\"elementor-element elementor-element-7ba9a92 elementor-widget elementor-widget-text-editor\" data-id=\"7ba9a92\" data-element_type=\"widget\" data-widget_type=\"text-editor.default\">\n\t\t\t\t<div class=\"elementor-widget-container\">\n\t\t\t\t\t\t\t<p>DATE\u2026\u20262020<br \/>CONSTRUCTION AREA\u2026..33.000 M2<br \/>POS\u0130T\u0130ON \u2026\u2026.PROJECT MANAGER <br \/>C\u0130TY\u2026\u2026\u2026\u0130STANBUL\/KADIK\u00d6Y<br \/>ROUGH CONSTRUCTION WORKS<\/p>\t\t\t\t\t\t<\/div>\n\t\t\t\t<\/div>\n\t\t\t\t\t<\/div>\n\t\t<\/div>\n\t\t\t\t<div class=\"elementor-column elementor-col-33 elementor-inner-column elementor-element elementor-element-1bdfa9f\" data-id=\"1bdfa9f\" data-element_type=\"column\">\n\t\t\t<div class=\"elementor-widget-wrap elementor-element-populated\">\n\t\t\t\t\t\t\t\t<div class=\"elementor-element elementor-element-e42d870 elementor-widget elementor-widget-image\" data-id=\"e42d870\" data-element_type=\"widget\" data-widget_type=\"image.default\">\n\t\t\t\t<div class=\"elementor-widget-container\">\n\t\t\t\t\t\t\t\t\t\t\t\t\t\t\t<img width=\"300\" height=\"217\" src=\"http:\/\/www.karem-insaat.com\/wp-content\/uploads\/2022\/04\/Untitled-1-1-300x217.jpg\" class=\"attachment-medium size-medium\" alt=\"\" loading=\"lazy\" srcset=\"http:\/\/www.karem-insaat.com\/wp-content\/uploads\/2022\/04\/Untitled-1-1-300x217.jpg 300w, http:\/\/www.karem-insaat.com\/wp-content\/uploads\/2022\/04\/Untitled-1-1.jpg 409w\" sizes=\"(max-width: 300px) 100vw, 300px\" \/>\t\t\t\t\t\t\t\t\t\t\t\t\t\t\t<\/div>\n\t\t\t\t<\/div>\n\t\t\t\t<div class=\"elementor-element elementor-element-986b9ec elementor-widget elementor-widget-heading\" data-id=\"986b9ec\" data-element_type=\"widget\" data-widget_type=\"heading.default\">\n\t\t\t\t<div class=\"elementor-widget-container\">\n\t\t\t<h2 class=\"elementor-heading-title elementor-size-default\">B\u0130RG\u0130 MEFAR \u0130LA\u00c7 FABR\u0130KASI<\/h2>\t\t<\/div>\n\t\t\t\t<\/div>\n\t\t\t\t<div class=\"elementor-element elementor-element-2b6c5ca elementor-widget elementor-widget-text-editor\" data-id=\"2b6c5ca\" data-element_type=\"widget\" data-widget_type=\"text-editor.default\">\n\t\t\t\t<div class=\"elementor-widget-container\">\n\t\t\t\t\t\t\t<p>DATE\u2026\u20262021<br \/>CONSTRUCTION AREA\u2026..17.500 M2<br \/>POS\u0130T\u0130ON \u2026\u2026.PROJECT MANAGER <br \/>C\u0130TY\u2026\u2026\u2026..\u0130STANBUL\/PEND\u0130K<br \/>ROUGH CONSTRUCTION WORKS<\/p>\t\t\t\t\t\t<\/div>\n\t\t\t\t<\/div>\n\t\t\t\t\t<\/div>\n\t\t<\/div>\n\t\t\t\t\t\t\t<\/div>\n\t\t<\/section>\n\t\t\t\t\t<\/div>\n\t\t<\/div>\n\t\t\t\t\t\t\t<\/div>\n\t\t<\/section>\n\t\t\t\t\t\t\t<\/div>\n\t\t","protected":false},"excerpt":{"rendered":"<p>Our Experience \u0130BRAH\u0130M \u0130NCE\u0130brahim \u0130nce graduated from Erciyes University Engineering Faculty\/Civil Engineering Department in 2006. As a manager, he had worked in many qualified projects in the construction of buildings such as residences, hospitals, schools, office buildings and mosques. He managed the production of approximately 300,000 m2 closed area. \u0130brahim \u0130nce, who founded Karem \u0130n\u015faat [&hellip;]<\/p>\n","protected":false},"author":1,"featured_media":0,"parent":0,"menu_order":0,"comment_status":"closed","ping_status":"closed","template":"","meta":[],"_links":{"self":[{"href":"http:\/\/www.karem-insaat.com\/index.php\/wp-json\/wp\/v2\/pages\/318"}],"collection":[{"href":"http:\/\/www.karem-insaat.com\/index.php\/wp-json\/wp\/v2\/pages"}],"about":[{"href":"http:\/\/www.karem-insaat.com\/index.php\/wp-json\/wp\/v2\/types\/page"}],"author":[{"embeddable":true,"href":"http:\/\/www.karem-insaat.com\/index.php\/wp-json\/wp\/v2\/users\/1"}],"replies":[{"embeddable":true,"href":"http:\/\/www.karem-insaat.com\/index.php\/wp-json\/wp\/v2\/comments?post=318"}],"version-history":[{"count":19,"href":"http:\/\/www.karem-insaat.com\/index.php\/wp-json\/wp\/v2\/pages\/318\/revisions"}],"predecessor-version":[{"id":464,"href":"http:\/\/www.karem-insaat.com\/index.php\/wp-json\/wp\/v2\/pages\/318\/revisions\/464"}],"wp:attachment":[{"href":"http:\/\/www.karem-insaat.com\/index.php\/wp-json\/wp\/v2\/media?parent=318"}],"curies":[{"name":"wp","href":"https:\/\/api.w.org\/{rel}","templated":true}]}}