{"id":354,"date":"2022-04-26T23:43:41","date_gmt":"2022-04-26T23:43:41","guid":{"rendered":"http:\/\/www.karem-insaat.com\/?page_id=354"},"modified":"2022-04-26T23:44:47","modified_gmt":"2022-04-26T23:44:47","slug":"renovation-decoration","status":"publish","type":"page","link":"http:\/\/www.karem-insaat.com\/index.php\/renovation-decoration\/","title":{"rendered":"Renovation &#038; Decoration"},"content":{"rendered":"\t\t<div data-elementor-type=\"wp-page\" data-elementor-id=\"354\" class=\"elementor elementor-354\">\n\t\t\t\t\t\t\t\t\t<section class=\"elementor-section elementor-top-section elementor-element elementor-element-8af3e68 elementor-section-full_width elementor-section-height-min-height elementor-section-height-default elementor-section-items-middle\" data-id=\"8af3e68\" data-element_type=\"section\" data-settings=\"{&quot;background_background&quot;:&quot;classic&quot;}\">\n\t\t\t\t\t\t<div class=\"elementor-container elementor-column-gap-default\">\n\t\t\t\t\t<div class=\"elementor-column elementor-col-100 elementor-top-column elementor-element elementor-element-4937474\" data-id=\"4937474\" data-element_type=\"column\">\n\t\t\t<div class=\"elementor-widget-wrap elementor-element-populated\">\n\t\t\t\t\t\t\t\t<section class=\"elementor-section elementor-inner-section elementor-element elementor-element-d2939d8 elementor-section-boxed elementor-section-height-default elementor-section-height-default\" data-id=\"d2939d8\" data-element_type=\"section\">\n\t\t\t\t\t\t<div class=\"elementor-container elementor-column-gap-default\">\n\t\t\t\t\t<div class=\"elementor-column elementor-col-100 elementor-inner-column elementor-element elementor-element-8745847\" data-id=\"8745847\" data-element_type=\"column\">\n\t\t\t<div class=\"elementor-widget-wrap elementor-element-populated\">\n\t\t\t\t\t\t\t\t<div class=\"elementor-element elementor-element-f19ad8d elementor-widget elementor-widget-heading\" data-id=\"f19ad8d\" data-element_type=\"widget\" data-widget_type=\"heading.default\">\n\t\t\t\t<div class=\"elementor-widget-container\">\n\t\t\t<style>\/*! elementor - v3.6.4 - 13-04-2022 *\/\n.elementor-heading-title{padding:0;margin:0;line-height:1}.elementor-widget-heading .elementor-heading-title[class*=elementor-size-]>a{color:inherit;font-size:inherit;line-height:inherit}.elementor-widget-heading .elementor-heading-title.elementor-size-small{font-size:15px}.elementor-widget-heading .elementor-heading-title.elementor-size-medium{font-size:19px}.elementor-widget-heading .elementor-heading-title.elementor-size-large{font-size:29px}.elementor-widget-heading .elementor-heading-title.elementor-size-xl{font-size:39px}.elementor-widget-heading .elementor-heading-title.elementor-size-xxl{font-size:59px}<\/style><h2 class=\"elementor-heading-title elementor-size-default\">Renovation & Decoration<\/h2>\t\t<\/div>\n\t\t\t\t<\/div>\n\t\t\t\t\t<\/div>\n\t\t<\/div>\n\t\t\t\t\t\t\t<\/div>\n\t\t<\/section>\n\t\t\t\t\t<\/div>\n\t\t<\/div>\n\t\t\t\t\t\t\t<\/div>\n\t\t<\/section>\n\t\t\t\t<section class=\"elementor-section elementor-top-section elementor-element elementor-element-16f56e7 elementor-section-boxed elementor-section-height-default elementor-section-height-default\" data-id=\"16f56e7\" data-element_type=\"section\">\n\t\t\t\t\t\t<div class=\"elementor-container elementor-column-gap-default\">\n\t\t\t\t\t<div class=\"elementor-column elementor-col-100 elementor-top-column elementor-element elementor-element-1db6461\" data-id=\"1db6461\" data-element_type=\"column\">\n\t\t\t<div class=\"elementor-widget-wrap elementor-element-populated\">\n\t\t\t\t\t\t\t\t<div class=\"elementor-element elementor-element-c2240cb elementor-widget elementor-widget-text-editor\" data-id=\"c2240cb\" data-element_type=\"widget\" data-widget_type=\"text-editor.default\">\n\t\t\t\t<div class=\"elementor-widget-container\">\n\t\t\t<style>\/*! elementor - v3.6.4 - 13-04-2022 *\/\n.elementor-widget-text-editor.elementor-drop-cap-view-stacked .elementor-drop-cap{background-color:#818a91;color:#fff}.elementor-widget-text-editor.elementor-drop-cap-view-framed .elementor-drop-cap{color:#818a91;border:3px solid;background-color:transparent}.elementor-widget-text-editor:not(.elementor-drop-cap-view-default) .elementor-drop-cap{margin-top:8px}.elementor-widget-text-editor:not(.elementor-drop-cap-view-default) .elementor-drop-cap-letter{width:1em;height:1em}.elementor-widget-text-editor .elementor-drop-cap{float:left;text-align:center;line-height:1;font-size:50px}.elementor-widget-text-editor .elementor-drop-cap-letter{display:inline-block}<\/style>\t\t\t\t<p>Many processes such as renovating your buildings, decorating them with brilliant ideas, making repairs, applying insulation materials, and putting new designs into the buildings with additional systems are carried out successfully.<\/p><p>Renovation of Buildings<\/p><ul><li>Interior architecture<\/li><li>Office Partition<\/li><li>Pull Floor ( \u00c7ekme Kat a translatetten bakt\u0131m bilmedi\u011fim i\u00e7in, emin de\u011filim do\u011fru mu)<\/li><li>Decoration<\/li><li>Installation<\/li><li>Insulation<\/li><\/ul>\t\t\t\t\t\t<\/div>\n\t\t\t\t<\/div>\n\t\t\t\t\t<\/div>\n\t\t<\/div>\n\t\t\t\t\t\t\t<\/div>\n\t\t<\/section>\n\t\t\t\t\t\t\t<\/div>\n\t\t","protected":false},"excerpt":{"rendered":"<p>Renovation &#038; Decoration Many processes such as renovating your buildings, decorating them with brilliant ideas, making repairs, applying insulation materials, and putting new designs into the buildings with additional systems are carried out successfully. Renovation of Buildings Interior architecture Office Partition Pull Floor ( \u00c7ekme Kat a translatetten bakt\u0131m bilmedi\u011fim i\u00e7in, emin de\u011filim do\u011fru mu) [&hellip;]<\/p>\n","protected":false},"author":1,"featured_media":0,"parent":0,"menu_order":0,"comment_status":"closed","ping_status":"closed","template":"","meta":[],"_links":{"self":[{"href":"http:\/\/www.karem-insaat.com\/index.php\/wp-json\/wp\/v2\/pages\/354"}],"collection":[{"href":"http:\/\/www.karem-insaat.com\/index.php\/wp-json\/wp\/v2\/pages"}],"about":[{"href":"http:\/\/www.karem-insaat.com\/index.php\/wp-json\/wp\/v2\/types\/page"}],"author":[{"embeddable":true,"href":"http:\/\/www.karem-insaat.com\/index.php\/wp-json\/wp\/v2\/users\/1"}],"replies":[{"embeddable":true,"href":"http:\/\/www.karem-insaat.com\/index.php\/wp-json\/wp\/v2\/comments?post=354"}],"version-history":[{"count":4,"href":"http:\/\/www.karem-insaat.com\/index.php\/wp-json\/wp\/v2\/pages\/354\/revisions"}],"predecessor-version":[{"id":358,"href":"http:\/\/www.karem-insaat.com\/index.php\/wp-json\/wp\/v2\/pages\/354\/revisions\/358"}],"wp:attachment":[{"href":"http:\/\/www.karem-insaat.com\/index.php\/wp-json\/wp\/v2\/media?parent=354"}],"curies":[{"name":"wp","href":"https:\/\/api.w.org\/{rel}","templated":true}]}}